{"id":43790,"date":"2021-12-13T18:56:58","date_gmt":"2021-12-13T17:56:58","guid":{"rendered":"https:\/\/vitalplusactive.com\/?page_id=43790"},"modified":"2021-12-13T19:05:45","modified_gmt":"2021-12-13T18:05:45","slug":"evropska-sredstva","status":"publish","type":"page","link":"https:\/\/vitalplusactive.com\/si\/evropska-sredstva\/","title":{"rendered":""},"content":{"rendered":"\t\t<div data-elementor-type=\"wp-page\" data-elementor-id=\"43790\" class=\"elementor elementor-43790\" data-elementor-post-type=\"page\">\n\t\t\t\t\t\t<section class=\"elementor-section elementor-top-section elementor-element elementor-element-831c1a2 elementor-section-boxed elementor-section-height-default elementor-section-height-default\" data-id=\"831c1a2\" data-element_type=\"section\">\n\t\t\t\t\t\t<div class=\"elementor-container elementor-column-gap-default\">\n\t\t\t\t\t<div class=\"elementor-column elementor-col-100 elementor-top-column elementor-element elementor-element-9c027e1\" data-id=\"9c027e1\" data-element_type=\"column\">\n\t\t\t<div class=\"elementor-widget-wrap elementor-element-populated\">\n\t\t\t\t\t\t<div class=\"elementor-element elementor-element-ea52d8c elementor-widget elementor-widget-text-editor\" data-id=\"ea52d8c\" data-element_type=\"widget\" data-widget_type=\"text-editor.default\">\n\t\t\t\t<div class=\"elementor-widget-container\">\n\t\t\t\t\t\t\t\t\t<p><strong>V letu 2021 smo v podjetju Preline d.o.o. uspeli prejeti razpisna sredstva prek Javnega razpisa \u00bbRazvojno &#8211; raziskovalni projekti za odpravo posledic COVID-19\u00ab z nazivom operacije Investicija v strojno opremo za izdelavo GEL HANDS, s kratico INVGEL. <\/strong><\/p><p>Na razpisu smo \u017eeleli ponuditi alternativo trenutni ponudbi dezinfekcijskih sredstev, ki svojo primarno nalogo sicer zanesljivo opravljajo, a za seboj pustijo tako kratkoro\u010den ob\u010dutek nelagodja, kot tudi dolgoro\u010dno nagnjenost h kroni\u010dnim po\u0161kodbam ko\u017ee.<\/p><p>Poleg intenzivnega razku\u017eevanja ko\u017ee, ki je \u017ee v veliki meri vstopilo v na\u0161 vsakdan v za\u010detku leta z uporabo agresivnih dezinfekcijskih sredstev, se blagovna znamka Vital Plus Active pripravlja na re\u0161evanje vseh pridru\u017eenih sprememb lastnosti ko\u017ene bariere, ki bodo ob dnevnem kontaktu z etanolnimi pripravki neizogibno sledile v prihodnjih letih.<\/p><p>Na\u0161a vizija je okrepitev starih in razvoj novih izdelkov za nego eritemati\u010dne ter kroni\u010dno suhe ko\u017ene povrhnjice, ki minimizirajo \u0161kodo povezano z uporabo etanolnih sredstev. Brez pravilnega negovanja namre\u010d razku\u017eila povzro\u010dajo pove\u010dano dojemljivost za oku\u017ebe zaradi propada naravnega ma\u0161\u010dobnokislinskega pla\u0161\u010da ko\u017ee. V na\u0161em nadaljnjem razvoju pa bodo posebno pozornost imeli izdelki, ki prepre\u010dujejo \u0161irjenje virusov.<\/p><p>V smeri na\u0161e vizije smo zaklju\u010dili z razvojem na\u0161ega prvega inovativnega izdelka v boju proti trenutni zdravstveni krizi, ki nosi ime GEL HANDS. Podjetje je na razpisu pridobilo 99.200,00 EUR finan\u010dnih sredstev za izvedbo operacije.<\/p>\t\t\t\t\t\t\t\t<\/div>\n\t\t\t\t<\/div>\n\t\t\t\t<div class=\"elementor-element elementor-element-a414356 elementor-widget elementor-widget-image\" data-id=\"a414356\" data-element_type=\"widget\" data-widget_type=\"image.default\">\n\t\t\t\t<div class=\"elementor-widget-container\">\n\t\t\t\t\t\t\t\t\t\t\t\t\t\t\t<img fetchpriority=\"high\" decoding=\"async\" width=\"794\" height=\"128\" src=\"https:\/\/b2116395.smushcdn.com\/2116395\/wp-content\/uploads\/2021\/12\/EVROPSKA-SREDSTVA-SLOVENIJA.png?lossy=2&strip=1&webp=1\" class=\"attachment-large size-large wp-image-43779\" alt=\"\" srcset=\"https:\/\/b2116395.smushcdn.com\/2116395\/wp-content\/uploads\/2021\/12\/EVROPSKA-SREDSTVA-SLOVENIJA.png?lossy=2&strip=1&webp=1 794w, https:\/\/b2116395.smushcdn.com\/2116395\/wp-content\/uploads\/2021\/12\/EVROPSKA-SREDSTVA-SLOVENIJA-300x48.png?lossy=2&strip=1&webp=1 300w, https:\/\/b2116395.smushcdn.com\/2116395\/wp-content\/uploads\/2021\/12\/EVROPSKA-SREDSTVA-SLOVENIJA-768x124.png?lossy=2&strip=1&webp=1 768w, https:\/\/b2116395.smushcdn.com\/2116395\/wp-content\/uploads\/2021\/12\/EVROPSKA-SREDSTVA-SLOVENIJA.png?size=160x26&lossy=2&strip=1&webp=1 160w, https:\/\/b2116395.smushcdn.com\/2116395\/wp-content\/uploads\/2021\/12\/EVROPSKA-SREDSTVA-SLOVENIJA.png?size=480x77&lossy=2&strip=1&webp=1 480w, https:\/\/b2116395.smushcdn.com\/2116395\/wp-content\/uploads\/2021\/12\/EVROPSKA-SREDSTVA-SLOVENIJA.png?size=640x103&lossy=2&strip=1&webp=1 640w\" sizes=\"(max-width: 794px) 100vw, 794px\" \/>\t\t\t\t\t\t\t\t\t\t\t\t\t\t\t<\/div>\n\t\t\t\t<\/div>\n\t\t\t\t\t<\/div>\n\t\t<\/div>\n\t\t\t\t\t<\/div>\n\t\t<\/section>\n\t\t\t\t<\/div>\n\t\t","protected":false},"excerpt":{"rendered":"<p>V letu 2021 smo v podjetju Preline d.o.o. uspeli prejeti razpisna sredstva prek Javnega razpisa \u00bbRazvojno &#8211; raziskovalni projekti za odpravo posledic COVID-19\u00ab z nazivom operacije Investicija v strojno opremo za izdelavo GEL HANDS, s kratico INVGEL. Na razpisu smo \u017eeleli ponuditi alternativo trenutni ponudbi dezinfekcijskih sredstev, ki svojo primarno nalogo sicer zanesljivo opravljajo, a [&hellip;]<\/p>\n","protected":false},"author":15,"featured_media":0,"parent":0,"menu_order":0,"comment_status":"closed","ping_status":"closed","template":"","meta":{"_acf_changed":false,"footnotes":""},"class_list":["post-43790","page","type-page","status-publish","hentry"],"acf":[],"yoast_head":"<!-- This site is optimized with the Yoast SEO Premium plugin v25.4 (Yoast SEO v27.0) - https:\/\/yoast.com\/product\/yoast-seo-premium-wordpress\/ -->\n<title>Vital Plus Active Evropska sredstva | Preline d.o.o. Slovenija<\/title>\n<meta name=\"description\" content=\"V letu 2021 smo v podjetju Preline d.o.o. uspeli prejeti razpisna sredstva Javnega razpisa \u00bbRazvojno \u2013 raziskovalni projekti za odpravo posledic COVID-19\u00ab z nazivom operacije Investicija v strojno opremo za izdelavo GEL HANDS, s kratico INVGEL.\" \/>\n<meta name=\"robots\" content=\"index, follow, max-snippet:-1, max-image-preview:large, max-video-preview:-1\" \/>\n<link rel=\"canonical\" href=\"https:\/\/vitalplusactive.com\/si\/evropska-sredstva\/\" \/>\n<meta property=\"og:locale\" content=\"sl_SI\" \/>\n<meta property=\"og:type\" content=\"article\" \/>\n<meta property=\"og:description\" content=\"V letu 2021 smo v podjetju Preline d.o.o. uspeli prejeti razpisna sredstva Javnega razpisa \u00bbRazvojno \u2013 raziskovalni projekti za odpravo posledic COVID-19\u00ab z nazivom operacije Investicija v strojno opremo za izdelavo GEL HANDS, s kratico INVGEL.\" \/>\n<meta property=\"og:url\" content=\"https:\/\/vitalplusactive.com\/si\/evropska-sredstva\/\" \/>\n<meta property=\"og:site_name\" content=\"Vital Plus Active\" \/>\n<meta property=\"article:publisher\" content=\"https:\/\/www.facebook.com\/serviziodiprevenzioneItalia\" \/>\n<meta property=\"article:modified_time\" content=\"2021-12-13T18:05:45+00:00\" \/>\n<meta property=\"og:image\" content=\"https:\/\/vitalplusactive.com\/wp-content\/uploads\/2021\/12\/EVROPSKA-SREDSTVA-SLOVENIJA.png\" \/>\n<meta name=\"twitter:card\" content=\"summary_large_image\" \/>\n<meta name=\"twitter:label1\" content=\"Est. reading time\" \/>\n\t<meta name=\"twitter:data1\" content=\"2 minuti\" \/>\n<script type=\"application\/ld+json\" class=\"yoast-schema-graph\">{\"@context\":\"https:\/\/schema.org\",\"@graph\":[{\"@type\":\"WebPage\",\"@id\":\"https:\/\/vitalplusactive.com\/si\/evropska-sredstva\/\",\"url\":\"https:\/\/vitalplusactive.com\/si\/evropska-sredstva\/\",\"name\":\"Vital Plus Active Evropska sredstva | Preline d.o.o. Slovenija\",\"isPartOf\":{\"@id\":\"https:\/\/vitalplusactive.com\/si\/#website\"},\"primaryImageOfPage\":{\"@id\":\"https:\/\/vitalplusactive.com\/si\/evropska-sredstva\/#primaryimage\"},\"image\":{\"@id\":\"https:\/\/vitalplusactive.com\/si\/evropska-sredstva\/#primaryimage\"},\"thumbnailUrl\":\"https:\/\/vitalplusactive.com\/wp-content\/uploads\/2021\/12\/EVROPSKA-SREDSTVA-SLOVENIJA.png\",\"datePublished\":\"2021-12-13T17:56:58+00:00\",\"dateModified\":\"2021-12-13T18:05:45+00:00\",\"description\":\"V letu 2021 smo v podjetju Preline d.o.o. uspeli prejeti razpisna sredstva Javnega razpisa \u00bbRazvojno \u2013 raziskovalni projekti za odpravo posledic COVID-19\u00ab z nazivom operacije Investicija v strojno opremo za izdelavo GEL HANDS, s kratico INVGEL.\",\"inLanguage\":\"sl-SI\",\"potentialAction\":[{\"@type\":\"ReadAction\",\"target\":[\"https:\/\/vitalplusactive.com\/si\/evropska-sredstva\/\"]}]},{\"@type\":\"ImageObject\",\"inLanguage\":\"sl-SI\",\"@id\":\"https:\/\/vitalplusactive.com\/si\/evropska-sredstva\/#primaryimage\",\"url\":\"https:\/\/vitalplusactive.com\/wp-content\/uploads\/2021\/12\/EVROPSKA-SREDSTVA-SLOVENIJA.png\",\"contentUrl\":\"https:\/\/vitalplusactive.com\/wp-content\/uploads\/2021\/12\/EVROPSKA-SREDSTVA-SLOVENIJA.png\"},{\"@type\":\"WebSite\",\"@id\":\"https:\/\/vitalplusactive.com\/si\/#website\",\"url\":\"https:\/\/vitalplusactive.com\/si\/\",\"name\":\"Vital Plus Active\",\"description\":\"\",\"publisher\":{\"@id\":\"https:\/\/vitalplusactive.com\/si\/#organization\"},\"potentialAction\":[{\"@type\":\"SearchAction\",\"target\":{\"@type\":\"EntryPoint\",\"urlTemplate\":\"https:\/\/vitalplusactive.com\/si\/?s={search_term_string}\"},\"query-input\":{\"@type\":\"PropertyValueSpecification\",\"valueRequired\":true,\"valueName\":\"search_term_string\"}}],\"inLanguage\":\"sl-SI\"},{\"@type\":\"Organization\",\"@id\":\"https:\/\/vitalplusactive.com\/si\/#organization\",\"name\":\"VitalPlusActive Group Ltd\",\"url\":\"https:\/\/vitalplusactive.com\/si\/\",\"logo\":{\"@type\":\"ImageObject\",\"inLanguage\":\"sl-SI\",\"@id\":\"https:\/\/vitalplusactive.com\/si\/#\/schema\/logo\/image\/\",\"url\":\"https:\/\/vitalplusactive.com\/wp-content\/uploads\/2020\/09\/vital-3.png\",\"contentUrl\":\"https:\/\/vitalplusactive.com\/wp-content\/uploads\/2020\/09\/vital-3.png\",\"width\":318,\"height\":159,\"caption\":\"VitalPlusActive Group Ltd\"},\"image\":{\"@id\":\"https:\/\/vitalplusactive.com\/si\/#\/schema\/logo\/image\/\"},\"sameAs\":[\"https:\/\/www.facebook.com\/serviziodiprevenzioneItalia\"]}]}<\/script>\n<!-- \/ Yoast SEO Premium plugin. -->","yoast_head_json":{"title":"Vital Plus Active Evropska sredstva | Preline d.o.o. Slovenija","description":"V letu 2021 smo v podjetju Preline d.o.o. uspeli prejeti razpisna sredstva Javnega razpisa \u00bbRazvojno \u2013 raziskovalni projekti za odpravo posledic COVID-19\u00ab z nazivom operacije Investicija v strojno opremo za izdelavo GEL HANDS, s kratico INVGEL.","robots":{"index":"index","follow":"follow","max-snippet":"max-snippet:-1","max-image-preview":"max-image-preview:large","max-video-preview":"max-video-preview:-1"},"canonical":"https:\/\/vitalplusactive.com\/si\/evropska-sredstva\/","og_locale":"sl_SI","og_type":"article","og_description":"V letu 2021 smo v podjetju Preline d.o.o. uspeli prejeti razpisna sredstva Javnega razpisa \u00bbRazvojno \u2013 raziskovalni projekti za odpravo posledic COVID-19\u00ab z nazivom operacije Investicija v strojno opremo za izdelavo GEL HANDS, s kratico INVGEL.","og_url":"https:\/\/vitalplusactive.com\/si\/evropska-sredstva\/","og_site_name":"Vital Plus Active","article_publisher":"https:\/\/www.facebook.com\/serviziodiprevenzioneItalia","article_modified_time":"2021-12-13T18:05:45+00:00","og_image":[{"url":"https:\/\/vitalplusactive.com\/wp-content\/uploads\/2021\/12\/EVROPSKA-SREDSTVA-SLOVENIJA.png","type":"","width":"","height":""}],"twitter_card":"summary_large_image","twitter_misc":{"Est. reading time":"2 minuti"},"schema":{"@context":"https:\/\/schema.org","@graph":[{"@type":"WebPage","@id":"https:\/\/vitalplusactive.com\/si\/evropska-sredstva\/","url":"https:\/\/vitalplusactive.com\/si\/evropska-sredstva\/","name":"Vital Plus Active Evropska sredstva | Preline d.o.o. Slovenija","isPartOf":{"@id":"https:\/\/vitalplusactive.com\/si\/#website"},"primaryImageOfPage":{"@id":"https:\/\/vitalplusactive.com\/si\/evropska-sredstva\/#primaryimage"},"image":{"@id":"https:\/\/vitalplusactive.com\/si\/evropska-sredstva\/#primaryimage"},"thumbnailUrl":"https:\/\/vitalplusactive.com\/wp-content\/uploads\/2021\/12\/EVROPSKA-SREDSTVA-SLOVENIJA.png","datePublished":"2021-12-13T17:56:58+00:00","dateModified":"2021-12-13T18:05:45+00:00","description":"V letu 2021 smo v podjetju Preline d.o.o. uspeli prejeti razpisna sredstva Javnega razpisa \u00bbRazvojno \u2013 raziskovalni projekti za odpravo posledic COVID-19\u00ab z nazivom operacije Investicija v strojno opremo za izdelavo GEL HANDS, s kratico INVGEL.","inLanguage":"sl-SI","potentialAction":[{"@type":"ReadAction","target":["https:\/\/vitalplusactive.com\/si\/evropska-sredstva\/"]}]},{"@type":"ImageObject","inLanguage":"sl-SI","@id":"https:\/\/vitalplusactive.com\/si\/evropska-sredstva\/#primaryimage","url":"https:\/\/vitalplusactive.com\/wp-content\/uploads\/2021\/12\/EVROPSKA-SREDSTVA-SLOVENIJA.png","contentUrl":"https:\/\/vitalplusactive.com\/wp-content\/uploads\/2021\/12\/EVROPSKA-SREDSTVA-SLOVENIJA.png"},{"@type":"WebSite","@id":"https:\/\/vitalplusactive.com\/si\/#website","url":"https:\/\/vitalplusactive.com\/si\/","name":"Vital Plus Active","description":"","publisher":{"@id":"https:\/\/vitalplusactive.com\/si\/#organization"},"potentialAction":[{"@type":"SearchAction","target":{"@type":"EntryPoint","urlTemplate":"https:\/\/vitalplusactive.com\/si\/?s={search_term_string}"},"query-input":{"@type":"PropertyValueSpecification","valueRequired":true,"valueName":"search_term_string"}}],"inLanguage":"sl-SI"},{"@type":"Organization","@id":"https:\/\/vitalplusactive.com\/si\/#organization","name":"VitalPlusActive Group Ltd","url":"https:\/\/vitalplusactive.com\/si\/","logo":{"@type":"ImageObject","inLanguage":"sl-SI","@id":"https:\/\/vitalplusactive.com\/si\/#\/schema\/logo\/image\/","url":"https:\/\/vitalplusactive.com\/wp-content\/uploads\/2020\/09\/vital-3.png","contentUrl":"https:\/\/vitalplusactive.com\/wp-content\/uploads\/2020\/09\/vital-3.png","width":318,"height":159,"caption":"VitalPlusActive Group Ltd"},"image":{"@id":"https:\/\/vitalplusactive.com\/si\/#\/schema\/logo\/image\/"},"sameAs":["https:\/\/www.facebook.com\/serviziodiprevenzioneItalia"]}]}},"_links":{"self":[{"href":"https:\/\/vitalplusactive.com\/si\/wp-json\/wp\/v2\/pages\/43790","targetHints":{"allow":["GET"]}}],"collection":[{"href":"https:\/\/vitalplusactive.com\/si\/wp-json\/wp\/v2\/pages"}],"about":[{"href":"https:\/\/vitalplusactive.com\/si\/wp-json\/wp\/v2\/types\/page"}],"author":[{"embeddable":true,"href":"https:\/\/vitalplusactive.com\/si\/wp-json\/wp\/v2\/users\/15"}],"replies":[{"embeddable":true,"href":"https:\/\/vitalplusactive.com\/si\/wp-json\/wp\/v2\/comments?post=43790"}],"version-history":[{"count":0,"href":"https:\/\/vitalplusactive.com\/si\/wp-json\/wp\/v2\/pages\/43790\/revisions"}],"wp:attachment":[{"href":"https:\/\/vitalplusactive.com\/si\/wp-json\/wp\/v2\/media?parent=43790"}],"curies":[{"name":"wp","href":"https:\/\/api.w.org\/{rel}","templated":true}]}}