{"id":1999,"date":"2019-08-16T00:00:00","date_gmt":"2019-08-16T00:00:00","guid":{"rendered":"https:\/\/vitalplusactive.com\/kapcsolat\/"},"modified":"2023-03-09T11:20:17","modified_gmt":"2023-03-09T10:20:17","slug":"kapcsolat","status":"publish","type":"page","link":"https:\/\/vitalplusactive.com\/hu\/kapcsolat\/","title":{"rendered":"KAPCSOLAT"},"content":{"rendered":"\t\t<div data-elementor-type=\"wp-page\" data-elementor-id=\"1999\" class=\"elementor elementor-1999 elementor-617\" data-elementor-post-type=\"page\">\n\t\t\t\t\t\t<section class=\"elementor-section elementor-top-section elementor-element elementor-element-27d78e11 elementor-section-boxed elementor-section-height-default elementor-section-height-default\" data-id=\"27d78e11\" data-element_type=\"section\">\n\t\t\t\t\t\t<div class=\"elementor-container elementor-column-gap-default\">\n\t\t\t\t\t<div class=\"elementor-column elementor-col-100 elementor-top-column elementor-element elementor-element-2912c686\" data-id=\"2912c686\" data-element_type=\"column\">\n\t\t\t<div class=\"elementor-widget-wrap elementor-element-populated\">\n\t\t\t\t\t\t<section class=\"elementor-section elementor-inner-section elementor-element elementor-element-c574043 elementor-section-boxed elementor-section-height-default elementor-section-height-default\" data-id=\"c574043\" data-element_type=\"section\">\n\t\t\t\t\t\t<div class=\"elementor-container elementor-column-gap-default\">\n\t\t\t\t\t<div class=\"elementor-column elementor-col-50 elementor-inner-column elementor-element elementor-element-9b2fed2\" data-id=\"9b2fed2\" data-element_type=\"column\">\n\t\t\t<div class=\"elementor-widget-wrap elementor-element-populated\">\n\t\t\t\t\t\t<div class=\"elementor-element elementor-element-596e963 elementor-widget elementor-widget-heading\" data-id=\"596e963\" data-element_type=\"widget\" data-widget_type=\"heading.default\">\n\t\t\t\t<div class=\"elementor-widget-container\">\n\t\t\t\t\t<h1 class=\"elementor-heading-title elementor-size-default\">KAPCSOLAT<\/h1>\t\t\t\t<\/div>\n\t\t\t\t<\/div>\n\t\t\t\t\t<\/div>\n\t\t<\/div>\n\t\t\t\t<div class=\"elementor-column elementor-col-50 elementor-inner-column elementor-element elementor-element-4d44cb8\" data-id=\"4d44cb8\" data-element_type=\"column\">\n\t\t\t<div class=\"elementor-widget-wrap elementor-element-populated\">\n\t\t\t\t\t\t<div class=\"elementor-element elementor-element-1fbf0f0 elementor-widget elementor-widget-heading\" data-id=\"1fbf0f0\" data-element_type=\"widget\" data-widget_type=\"heading.default\">\n\t\t\t\t<div class=\"elementor-widget-container\">\n\t\t\t\t\t<h1 class=\"elementor-heading-title elementor-size-default\"><a href=\"https:\/\/pharma.servicesforpharmacies.com\/login.php\" target=\"_blank\">BEL\u00c9P\u00c9S SZOLG\u00c1LTAT\u00d3 PARTNEREINK R\u00c9SZ\u00c9RE<\/a><\/h1>\t\t\t\t<\/div>\n\t\t\t\t<\/div>\n\t\t\t\t\t<\/div>\n\t\t<\/div>\n\t\t\t\t\t<\/div>\n\t\t<\/section>\n\t\t\t\t<section class=\"elementor-section elementor-inner-section elementor-element elementor-element-a62e41a elementor-section-boxed elementor-section-height-default elementor-section-height-default\" data-id=\"a62e41a\" data-element_type=\"section\">\n\t\t\t\t\t\t<div class=\"elementor-container elementor-column-gap-default\">\n\t\t\t\t\t<div class=\"elementor-column elementor-col-50 elementor-inner-column elementor-element elementor-element-0ed96dc\" data-id=\"0ed96dc\" data-element_type=\"column\">\n\t\t\t<div class=\"elementor-widget-wrap elementor-element-populated\">\n\t\t\t\t\t\t<div class=\"elementor-element elementor-element-e21127b elementor-widget elementor-widget-text-editor\" data-id=\"e21127b\" data-element_type=\"widget\" data-widget_type=\"text-editor.default\">\n\t\t\t\t<div class=\"elementor-widget-container\">\n\t\t\t\t\t\t\t\t\t<p>PRELAB KFT.<\/p><p>KINIZSI P\u00c1L U. 29.<\/p><p>HU-2045 T\u00d6R\u00d6KB\u00c1LINT<\/p><p>TELEFON: +36 70 770 1710<\/p><p>E-MAIL: <strong><a href=\"mailto:info@dermoconsultant.hu\">info@dermoconsultant.hu<\/a><\/strong><\/p><p>FACEBOOK: <a href=\"http:\/\/m.me\/vitalplusactivehungary\/\" target=\"_blank\" rel=\"noopener\">Messenger<\/a><\/p><p><a href=\"https:\/\/vitalplusactive.com\/hu\/adatvedelmi-szabalyzat\" target=\"_blank\" rel=\"noopener\">Adatkezel\u00e9si szab\u00e1lyzat<\/a><\/p>\t\t\t\t\t\t\t\t<\/div>\n\t\t\t\t<\/div>\n\t\t\t\t\t<\/div>\n\t\t<\/div>\n\t\t\t\t<div class=\"elementor-column elementor-col-50 elementor-inner-column elementor-element elementor-element-da907f6\" data-id=\"da907f6\" data-element_type=\"column\">\n\t\t\t<div class=\"elementor-widget-wrap elementor-element-populated\">\n\t\t\t\t\t\t<div class=\"elementor-element elementor-element-94aa99d elementor-widget elementor-widget-text-editor\" data-id=\"94aa99d\" data-element_type=\"widget\" data-widget_type=\"text-editor.default\">\n\t\t\t\t<div class=\"elementor-widget-container\">\n\t\t\t\t\t\t\t\t\t<p style=\"text-align: center;\">A bel\u00e9p\u00e9shez kattintson az al\u00e1bbi linkre:<\/p><p style=\"text-align: center;\"><strong><a href=\"https:\/\/servicesforpharmacies.com\/pharma\">https:\/\/servicesforpharmacies.com\/pharma<\/a><\/strong><\/p>\t\t\t\t\t\t\t\t<\/div>\n\t\t\t\t<\/div>\n\t\t\t\t\t<\/div>\n\t\t<\/div>\n\t\t\t\t\t<\/div>\n\t\t<\/section>\n\t\t\t\t\t<\/div>\n\t\t<\/div>\n\t\t\t\t\t<\/div>\n\t\t<\/section>\n\t\t\t\t<\/div>\n\t\t","protected":false},"excerpt":{"rendered":"<p>KAPCSOLAT BEL\u00c9P\u00c9S SZOLG\u00c1LTAT\u00d3 PARTNEREINK R\u00c9SZ\u00c9RE PRELAB KFT. KINIZSI P\u00c1L U. 29. HU-2045 T\u00d6R\u00d6KB\u00c1LINT TELEFON: +36 70 770 1710 E-MAIL: info@dermoconsultant.hu FACEBOOK: Messenger Adatkezel\u00e9si szab\u00e1lyzat A bel\u00e9p\u00e9shez kattintson az al\u00e1bbi linkre: https:\/\/servicesforpharmacies.com\/pharma<\/p>\n","protected":false},"author":3,"featured_media":0,"parent":0,"menu_order":0,"comment_status":"closed","ping_status":"closed","template":"","meta":{"_acf_changed":false,"footnotes":""},"class_list":["post-1999","page","type-page","status-publish","hentry"],"acf":[],"yoast_head":"<!-- This site is optimized with the Yoast SEO Premium plugin v25.4 (Yoast SEO v27.0) - https:\/\/yoast.com\/product\/yoast-seo-premium-wordpress\/ -->\n<title>KAPCSOLAT | Vital Plus Active<\/title>\n<meta name=\"robots\" content=\"index, follow, max-snippet:-1, max-image-preview:large, max-video-preview:-1\" \/>\n<link rel=\"canonical\" href=\"https:\/\/vitalplusactive.com\/hu\/kapcsolat\/\" \/>\n<meta property=\"og:locale\" content=\"hu_HU\" \/>\n<meta property=\"og:type\" content=\"article\" \/>\n<meta property=\"og:title\" content=\"KAPCSOLAT\" \/>\n<meta property=\"og:description\" content=\"KAPCSOLAT BEL\u00c9P\u00c9S SZOLG\u00c1LTAT\u00d3 PARTNEREINK R\u00c9SZ\u00c9RE PRELAB KFT. KINIZSI P\u00c1L U. 29. HU-2045 T\u00d6R\u00d6KB\u00c1LINT TELEFON: +36 70 770 1710 E-MAIL: info@dermoconsultant.hu FACEBOOK: Messenger Adatkezel\u00e9si szab\u00e1lyzat A bel\u00e9p\u00e9shez kattintson az al\u00e1bbi linkre: https:\/\/servicesforpharmacies.com\/pharma\" \/>\n<meta property=\"og:url\" content=\"https:\/\/vitalplusactive.com\/hu\/kapcsolat\/\" \/>\n<meta property=\"og:site_name\" content=\"Vital Plus Active\" \/>\n<meta property=\"article:publisher\" content=\"https:\/\/www.facebook.com\/serviziodiprevenzioneItalia\" \/>\n<meta property=\"article:modified_time\" content=\"2023-03-09T10:20:17+00:00\" \/>\n<meta name=\"twitter:card\" content=\"summary_large_image\" \/>\n<meta name=\"twitter:label1\" content=\"Becs\u00fclt olvas\u00e1si id\u0151\" \/>\n\t<meta name=\"twitter:data1\" content=\"1 perc\" \/>\n<script type=\"application\/ld+json\" class=\"yoast-schema-graph\">{\"@context\":\"https:\/\/schema.org\",\"@graph\":[{\"@type\":\"WebPage\",\"@id\":\"https:\/\/vitalplusactive.com\/hu\/kapcsolat\/\",\"url\":\"https:\/\/vitalplusactive.com\/hu\/kapcsolat\/\",\"name\":\"KAPCSOLAT | Vital Plus Active\",\"isPartOf\":{\"@id\":\"https:\/\/vitalplusactive.com\/hu\/#website\"},\"datePublished\":\"2019-08-16T00:00:00+00:00\",\"dateModified\":\"2023-03-09T10:20:17+00:00\",\"breadcrumb\":{\"@id\":\"https:\/\/vitalplusactive.com\/hu\/kapcsolat\/#breadcrumb\"},\"inLanguage\":\"hu\",\"potentialAction\":[{\"@type\":\"ReadAction\",\"target\":[\"https:\/\/vitalplusactive.com\/hu\/kapcsolat\/\"]}]},{\"@type\":\"BreadcrumbList\",\"@id\":\"https:\/\/vitalplusactive.com\/hu\/kapcsolat\/#breadcrumb\",\"itemListElement\":[{\"@type\":\"ListItem\",\"position\":1,\"name\":\"Home\",\"item\":\"https:\/\/vitalplusactive.com\/hu\/\"},{\"@type\":\"ListItem\",\"position\":2,\"name\":\"KAPCSOLAT\"}]},{\"@type\":\"WebSite\",\"@id\":\"https:\/\/vitalplusactive.com\/hu\/#website\",\"url\":\"https:\/\/vitalplusactive.com\/hu\/\",\"name\":\"Vital Plus Active\",\"description\":\"\",\"publisher\":{\"@id\":\"https:\/\/vitalplusactive.com\/hu\/#organization\"},\"potentialAction\":[{\"@type\":\"SearchAction\",\"target\":{\"@type\":\"EntryPoint\",\"urlTemplate\":\"https:\/\/vitalplusactive.com\/hu\/?s={search_term_string}\"},\"query-input\":{\"@type\":\"PropertyValueSpecification\",\"valueRequired\":true,\"valueName\":\"search_term_string\"}}],\"inLanguage\":\"hu\"},{\"@type\":\"Organization\",\"@id\":\"https:\/\/vitalplusactive.com\/hu\/#organization\",\"name\":\"VitalPlusActive Group Ltd\",\"url\":\"https:\/\/vitalplusactive.com\/hu\/\",\"logo\":{\"@type\":\"ImageObject\",\"inLanguage\":\"hu\",\"@id\":\"https:\/\/vitalplusactive.com\/hu\/#\/schema\/logo\/image\/\",\"url\":\"https:\/\/vitalplusactive.com\/wp-content\/uploads\/2020\/09\/vital-3.png\",\"contentUrl\":\"https:\/\/vitalplusactive.com\/wp-content\/uploads\/2020\/09\/vital-3.png\",\"width\":318,\"height\":159,\"caption\":\"VitalPlusActive Group Ltd\"},\"image\":{\"@id\":\"https:\/\/vitalplusactive.com\/hu\/#\/schema\/logo\/image\/\"},\"sameAs\":[\"https:\/\/www.facebook.com\/serviziodiprevenzioneItalia\"]}]}<\/script>\n<!-- \/ Yoast SEO Premium plugin. -->","yoast_head_json":{"title":"KAPCSOLAT | Vital Plus Active","robots":{"index":"index","follow":"follow","max-snippet":"max-snippet:-1","max-image-preview":"max-image-preview:large","max-video-preview":"max-video-preview:-1"},"canonical":"https:\/\/vitalplusactive.com\/hu\/kapcsolat\/","og_locale":"hu_HU","og_type":"article","og_title":"KAPCSOLAT","og_description":"KAPCSOLAT BEL\u00c9P\u00c9S SZOLG\u00c1LTAT\u00d3 PARTNEREINK R\u00c9SZ\u00c9RE PRELAB KFT. KINIZSI P\u00c1L U. 29. HU-2045 T\u00d6R\u00d6KB\u00c1LINT TELEFON: +36 70 770 1710 E-MAIL: info@dermoconsultant.hu FACEBOOK: Messenger Adatkezel\u00e9si szab\u00e1lyzat A bel\u00e9p\u00e9shez kattintson az al\u00e1bbi linkre: https:\/\/servicesforpharmacies.com\/pharma","og_url":"https:\/\/vitalplusactive.com\/hu\/kapcsolat\/","og_site_name":"Vital Plus Active","article_publisher":"https:\/\/www.facebook.com\/serviziodiprevenzioneItalia","article_modified_time":"2023-03-09T10:20:17+00:00","twitter_card":"summary_large_image","twitter_misc":{"Becs\u00fclt olvas\u00e1si id\u0151":"1 perc"},"schema":{"@context":"https:\/\/schema.org","@graph":[{"@type":"WebPage","@id":"https:\/\/vitalplusactive.com\/hu\/kapcsolat\/","url":"https:\/\/vitalplusactive.com\/hu\/kapcsolat\/","name":"KAPCSOLAT | Vital Plus Active","isPartOf":{"@id":"https:\/\/vitalplusactive.com\/hu\/#website"},"datePublished":"2019-08-16T00:00:00+00:00","dateModified":"2023-03-09T10:20:17+00:00","breadcrumb":{"@id":"https:\/\/vitalplusactive.com\/hu\/kapcsolat\/#breadcrumb"},"inLanguage":"hu","potentialAction":[{"@type":"ReadAction","target":["https:\/\/vitalplusactive.com\/hu\/kapcsolat\/"]}]},{"@type":"BreadcrumbList","@id":"https:\/\/vitalplusactive.com\/hu\/kapcsolat\/#breadcrumb","itemListElement":[{"@type":"ListItem","position":1,"name":"Home","item":"https:\/\/vitalplusactive.com\/hu\/"},{"@type":"ListItem","position":2,"name":"KAPCSOLAT"}]},{"@type":"WebSite","@id":"https:\/\/vitalplusactive.com\/hu\/#website","url":"https:\/\/vitalplusactive.com\/hu\/","name":"Vital Plus Active","description":"","publisher":{"@id":"https:\/\/vitalplusactive.com\/hu\/#organization"},"potentialAction":[{"@type":"SearchAction","target":{"@type":"EntryPoint","urlTemplate":"https:\/\/vitalplusactive.com\/hu\/?s={search_term_string}"},"query-input":{"@type":"PropertyValueSpecification","valueRequired":true,"valueName":"search_term_string"}}],"inLanguage":"hu"},{"@type":"Organization","@id":"https:\/\/vitalplusactive.com\/hu\/#organization","name":"VitalPlusActive Group Ltd","url":"https:\/\/vitalplusactive.com\/hu\/","logo":{"@type":"ImageObject","inLanguage":"hu","@id":"https:\/\/vitalplusactive.com\/hu\/#\/schema\/logo\/image\/","url":"https:\/\/vitalplusactive.com\/wp-content\/uploads\/2020\/09\/vital-3.png","contentUrl":"https:\/\/vitalplusactive.com\/wp-content\/uploads\/2020\/09\/vital-3.png","width":318,"height":159,"caption":"VitalPlusActive Group Ltd"},"image":{"@id":"https:\/\/vitalplusactive.com\/hu\/#\/schema\/logo\/image\/"},"sameAs":["https:\/\/www.facebook.com\/serviziodiprevenzioneItalia"]}]}},"_links":{"self":[{"href":"https:\/\/vitalplusactive.com\/hu\/wp-json\/wp\/v2\/pages\/1999","targetHints":{"allow":["GET"]}}],"collection":[{"href":"https:\/\/vitalplusactive.com\/hu\/wp-json\/wp\/v2\/pages"}],"about":[{"href":"https:\/\/vitalplusactive.com\/hu\/wp-json\/wp\/v2\/types\/page"}],"author":[{"embeddable":true,"href":"https:\/\/vitalplusactive.com\/hu\/wp-json\/wp\/v2\/users\/3"}],"replies":[{"embeddable":true,"href":"https:\/\/vitalplusactive.com\/hu\/wp-json\/wp\/v2\/comments?post=1999"}],"version-history":[{"count":0,"href":"https:\/\/vitalplusactive.com\/hu\/wp-json\/wp\/v2\/pages\/1999\/revisions"}],"wp:attachment":[{"href":"https:\/\/vitalplusactive.com\/hu\/wp-json\/wp\/v2\/media?parent=1999"}],"curies":[{"name":"wp","href":"https:\/\/api.w.org\/{rel}","templated":true}]}}