{"id":29663,"date":"2021-01-09T12:19:17","date_gmt":"2021-01-09T11:19:17","guid":{"rendered":"https:\/\/vitalplusactive.com\/?page_id=29663"},"modified":"2021-01-10T12:42:17","modified_gmt":"2021-01-10T11:42:17","slug":"osnovne-informacije-o-obradi-i-zastiti-osobnih-podataka","status":"publish","type":"page","link":"https:\/\/vitalplusactive.com\/hr\/osnovne-informacije-o-obradi-i-zastiti-osobnih-podataka\/","title":{"rendered":"OSNOVNE INFORMACIJE O OBRADI I ZA\u0160TITI OSOBNIH PODATAKA"},"content":{"rendered":"\t\t<div data-elementor-type=\"wp-page\" data-elementor-id=\"29663\" class=\"elementor elementor-29663\" data-elementor-post-type=\"page\">\n\t\t\t\t\t\t<section class=\"elementor-section elementor-top-section elementor-element elementor-element-ca67777 elementor-section-boxed elementor-section-height-default elementor-section-height-default\" data-id=\"ca67777\" data-element_type=\"section\">\n\t\t\t\t\t\t<div class=\"elementor-container elementor-column-gap-default\">\n\t\t\t\t\t<div class=\"elementor-column elementor-col-100 elementor-top-column elementor-element elementor-element-1adbb6c\" data-id=\"1adbb6c\" data-element_type=\"column\">\n\t\t\t<div class=\"elementor-widget-wrap elementor-element-populated\">\n\t\t\t\t\t\t<div class=\"elementor-element elementor-element-b39e7c3 elementor-widget elementor-widget-text-editor\" data-id=\"b39e7c3\" data-element_type=\"widget\" data-widget_type=\"text-editor.default\">\n\t\t\t\t<div class=\"elementor-widget-container\">\n\t\t\t\t\t\t\t\t\t<h1><strong>OSNOVNE INFORMACIJE O OBRADI I ZA\u0160TITI OSOBNIH PODATAKA\u00a0<\/strong><\/h1><p><strong>Odgovoran:<\/strong> Pre-line d.o.o., Buzinski prilaz 21, 10010 Zagreb, OIB 80376739056<\/p><p><strong>Namjena:<\/strong>\u00a0 slanje informacija o na\u0161im proizvodima i uslugama, na osnovi Va\u0161eg upita.<\/p><p><strong>Legalnost:<\/strong> na osnovi Va\u0161e privole.<\/p><p><strong>Primatelj:<\/strong> ne prenosimo Va\u0161e podatke tre\u0107im osobama, osim pravnih i zakonskih iznimaka.<\/p><p><strong>Prava:<\/strong> imate pravo povu\u0107i danu privolu u bilo kojem trenutku u cijelosti ili djelomi\u010dno. Osim toga imate pravo na ispravak, pravo brisanja (\u201cpravo na zaborav\u201d), pravo na ograni\u010denje obrade, pravo na prenosivost podataka te pravo na prigovor. Ako imate bilo kakvih pitanja vezanih uz izjavu o za\u0161titi privatnosti molimo Vas da nas kontaktirate na e-mail:\u00a0<span id=\"cloak86571ed64d9aaaa84e3f568f1355fe1c\"><a href=\"mailto:info.hr@vitalplusactive.com\" target=\"_blank\" rel=\"noopener\">info.hr@vitalplusactive.com<\/a><\/span>.<\/p><p><strong>Dodatne informacije:<\/strong>\u00a0<a href=\"https:\/\/vitalplusactive.com\/hr\/uvjeti-koristenja-politika-privatnosti-i-kolacica\/\" target=\"_blank\" rel=\"noopener\">www.vitalplusactive.com\/hr<\/a><\/p>\t\t\t\t\t\t\t\t<\/div>\n\t\t\t\t<\/div>\n\t\t\t\t\t<\/div>\n\t\t<\/div>\n\t\t\t\t\t<\/div>\n\t\t<\/section>\n\t\t\t\t<\/div>\n\t\t","protected":false},"excerpt":{"rendered":"<p>OSNOVNE INFORMACIJE O OBRADI I ZA\u0160TITI OSOBNIH PODATAKA&nbsp; Odgovoran: Pre-line d.o.o., Buzinski prilaz 21, 10010 Zagreb, OIB 80376739056 Namjena:&nbsp; slanje informacija o na\u0161im proizvodima i uslugama, na osnovi Va\u0161eg upita. Legalnost: na osnovi Va\u0161e privole. Primatelj: ne prenosimo Va\u0161e podatke tre\u0107im osobama, osim pravnih i zakonskih iznimaka. Prava: imate pravo povu\u0107i danu privolu u bilo [&hellip;]<\/p>\n","protected":false},"author":15,"featured_media":0,"parent":0,"menu_order":0,"comment_status":"closed","ping_status":"closed","template":"elementor_header_footer","meta":{"_acf_changed":false,"footnotes":""},"class_list":["post-29663","page","type-page","status-publish","hentry"],"acf":[],"yoast_head":"<!-- This site is optimized with the Yoast SEO Premium plugin v25.4 (Yoast SEO v27.0) - https:\/\/yoast.com\/product\/yoast-seo-premium-wordpress\/ -->\n<title>OSNOVNE INFORMACIJE O OBRADI I ZA\u0160TITI OSOBNIH PODATAKA | Vital Plus Active<\/title>\n<meta name=\"robots\" content=\"index, follow, max-snippet:-1, max-image-preview:large, max-video-preview:-1\" \/>\n<link rel=\"canonical\" href=\"https:\/\/vitalplusactive.com\/hr\/osnovne-informacije-o-obradi-i-zastiti-osobnih-podataka\/\" \/>\n<meta property=\"og:locale\" content=\"hr_HR\" \/>\n<meta property=\"og:type\" content=\"article\" \/>\n<meta property=\"og:title\" content=\"OSNOVNE INFORMACIJE O OBRADI I ZA\u0160TITI OSOBNIH PODATAKA\" \/>\n<meta property=\"og:description\" content=\"OSNOVNE INFORMACIJE O OBRADI I ZA\u0160TITI OSOBNIH PODATAKA&nbsp; Odgovoran: Pre-line d.o.o., Buzinski prilaz 21, 10010 Zagreb, OIB 80376739056 Namjena:&nbsp; slanje informacija o na\u0161im proizvodima i uslugama, na osnovi Va\u0161eg upita. Legalnost: na osnovi Va\u0161e privole. Primatelj: ne prenosimo Va\u0161e podatke tre\u0107im osobama, osim pravnih i zakonskih iznimaka. Prava: imate pravo povu\u0107i danu privolu u bilo [&hellip;]\" \/>\n<meta property=\"og:url\" content=\"https:\/\/vitalplusactive.com\/hr\/osnovne-informacije-o-obradi-i-zastiti-osobnih-podataka\/\" \/>\n<meta property=\"og:site_name\" content=\"Vital Plus Active\" \/>\n<meta property=\"article:publisher\" content=\"https:\/\/www.facebook.com\/serviziodiprevenzioneItalia\" \/>\n<meta property=\"article:modified_time\" content=\"2021-01-10T11:42:17+00:00\" \/>\n<meta name=\"twitter:card\" content=\"summary_large_image\" \/>\n<meta name=\"twitter:label1\" content=\"Procijenjeno vrijeme \u010ditanja\" \/>\n\t<meta name=\"twitter:data1\" content=\"1 minuta\" \/>\n<script type=\"application\/ld+json\" class=\"yoast-schema-graph\">{\"@context\":\"https:\/\/schema.org\",\"@graph\":[{\"@type\":\"WebPage\",\"@id\":\"https:\/\/vitalplusactive.com\/hr\/osnovne-informacije-o-obradi-i-zastiti-osobnih-podataka\/\",\"url\":\"https:\/\/vitalplusactive.com\/hr\/osnovne-informacije-o-obradi-i-zastiti-osobnih-podataka\/\",\"name\":\"OSNOVNE INFORMACIJE O OBRADI I ZA\u0160TITI OSOBNIH PODATAKA | Vital Plus Active\",\"isPartOf\":{\"@id\":\"https:\/\/vitalplusactive.com\/hr\/#website\"},\"datePublished\":\"2021-01-09T11:19:17+00:00\",\"dateModified\":\"2021-01-10T11:42:17+00:00\",\"breadcrumb\":{\"@id\":\"https:\/\/vitalplusactive.com\/hr\/osnovne-informacije-o-obradi-i-zastiti-osobnih-podataka\/#breadcrumb\"},\"inLanguage\":\"hr\",\"potentialAction\":[{\"@type\":\"ReadAction\",\"target\":[\"https:\/\/vitalplusactive.com\/hr\/osnovne-informacije-o-obradi-i-zastiti-osobnih-podataka\/\"]}]},{\"@type\":\"BreadcrumbList\",\"@id\":\"https:\/\/vitalplusactive.com\/hr\/osnovne-informacije-o-obradi-i-zastiti-osobnih-podataka\/#breadcrumb\",\"itemListElement\":[{\"@type\":\"ListItem\",\"position\":1,\"name\":\"Home\",\"item\":\"https:\/\/vitalplusactive.com\/hr\/\"},{\"@type\":\"ListItem\",\"position\":2,\"name\":\"OSNOVNE INFORMACIJE O OBRADI I ZA\u0160TITI OSOBNIH PODATAKA\"}]},{\"@type\":\"WebSite\",\"@id\":\"https:\/\/vitalplusactive.com\/hr\/#website\",\"url\":\"https:\/\/vitalplusactive.com\/hr\/\",\"name\":\"Vital Plus Active\",\"description\":\"\",\"publisher\":{\"@id\":\"https:\/\/vitalplusactive.com\/hr\/#organization\"},\"potentialAction\":[{\"@type\":\"SearchAction\",\"target\":{\"@type\":\"EntryPoint\",\"urlTemplate\":\"https:\/\/vitalplusactive.com\/hr\/?s={search_term_string}\"},\"query-input\":{\"@type\":\"PropertyValueSpecification\",\"valueRequired\":true,\"valueName\":\"search_term_string\"}}],\"inLanguage\":\"hr\"},{\"@type\":\"Organization\",\"@id\":\"https:\/\/vitalplusactive.com\/hr\/#organization\",\"name\":\"VitalPlusActive Group Ltd\",\"url\":\"https:\/\/vitalplusactive.com\/hr\/\",\"logo\":{\"@type\":\"ImageObject\",\"inLanguage\":\"hr\",\"@id\":\"https:\/\/vitalplusactive.com\/hr\/#\/schema\/logo\/image\/\",\"url\":\"https:\/\/vitalplusactive.com\/wp-content\/uploads\/2020\/09\/vital-3.png\",\"contentUrl\":\"https:\/\/vitalplusactive.com\/wp-content\/uploads\/2020\/09\/vital-3.png\",\"width\":318,\"height\":159,\"caption\":\"VitalPlusActive Group Ltd\"},\"image\":{\"@id\":\"https:\/\/vitalplusactive.com\/hr\/#\/schema\/logo\/image\/\"},\"sameAs\":[\"https:\/\/www.facebook.com\/serviziodiprevenzioneItalia\"]}]}<\/script>\n<!-- \/ Yoast SEO Premium plugin. -->","yoast_head_json":{"title":"OSNOVNE INFORMACIJE O OBRADI I ZA\u0160TITI OSOBNIH PODATAKA | Vital Plus Active","robots":{"index":"index","follow":"follow","max-snippet":"max-snippet:-1","max-image-preview":"max-image-preview:large","max-video-preview":"max-video-preview:-1"},"canonical":"https:\/\/vitalplusactive.com\/hr\/osnovne-informacije-o-obradi-i-zastiti-osobnih-podataka\/","og_locale":"hr_HR","og_type":"article","og_title":"OSNOVNE INFORMACIJE O OBRADI I ZA\u0160TITI OSOBNIH PODATAKA","og_description":"OSNOVNE INFORMACIJE O OBRADI I ZA\u0160TITI OSOBNIH PODATAKA&nbsp; Odgovoran: Pre-line d.o.o., Buzinski prilaz 21, 10010 Zagreb, OIB 80376739056 Namjena:&nbsp; slanje informacija o na\u0161im proizvodima i uslugama, na osnovi Va\u0161eg upita. Legalnost: na osnovi Va\u0161e privole. Primatelj: ne prenosimo Va\u0161e podatke tre\u0107im osobama, osim pravnih i zakonskih iznimaka. Prava: imate pravo povu\u0107i danu privolu u bilo [&hellip;]","og_url":"https:\/\/vitalplusactive.com\/hr\/osnovne-informacije-o-obradi-i-zastiti-osobnih-podataka\/","og_site_name":"Vital Plus Active","article_publisher":"https:\/\/www.facebook.com\/serviziodiprevenzioneItalia","article_modified_time":"2021-01-10T11:42:17+00:00","twitter_card":"summary_large_image","twitter_misc":{"Procijenjeno vrijeme \u010ditanja":"1 minuta"},"schema":{"@context":"https:\/\/schema.org","@graph":[{"@type":"WebPage","@id":"https:\/\/vitalplusactive.com\/hr\/osnovne-informacije-o-obradi-i-zastiti-osobnih-podataka\/","url":"https:\/\/vitalplusactive.com\/hr\/osnovne-informacije-o-obradi-i-zastiti-osobnih-podataka\/","name":"OSNOVNE INFORMACIJE O OBRADI I ZA\u0160TITI OSOBNIH PODATAKA | Vital Plus Active","isPartOf":{"@id":"https:\/\/vitalplusactive.com\/hr\/#website"},"datePublished":"2021-01-09T11:19:17+00:00","dateModified":"2021-01-10T11:42:17+00:00","breadcrumb":{"@id":"https:\/\/vitalplusactive.com\/hr\/osnovne-informacije-o-obradi-i-zastiti-osobnih-podataka\/#breadcrumb"},"inLanguage":"hr","potentialAction":[{"@type":"ReadAction","target":["https:\/\/vitalplusactive.com\/hr\/osnovne-informacije-o-obradi-i-zastiti-osobnih-podataka\/"]}]},{"@type":"BreadcrumbList","@id":"https:\/\/vitalplusactive.com\/hr\/osnovne-informacije-o-obradi-i-zastiti-osobnih-podataka\/#breadcrumb","itemListElement":[{"@type":"ListItem","position":1,"name":"Home","item":"https:\/\/vitalplusactive.com\/hr\/"},{"@type":"ListItem","position":2,"name":"OSNOVNE INFORMACIJE O OBRADI I ZA\u0160TITI OSOBNIH PODATAKA"}]},{"@type":"WebSite","@id":"https:\/\/vitalplusactive.com\/hr\/#website","url":"https:\/\/vitalplusactive.com\/hr\/","name":"Vital Plus Active","description":"","publisher":{"@id":"https:\/\/vitalplusactive.com\/hr\/#organization"},"potentialAction":[{"@type":"SearchAction","target":{"@type":"EntryPoint","urlTemplate":"https:\/\/vitalplusactive.com\/hr\/?s={search_term_string}"},"query-input":{"@type":"PropertyValueSpecification","valueRequired":true,"valueName":"search_term_string"}}],"inLanguage":"hr"},{"@type":"Organization","@id":"https:\/\/vitalplusactive.com\/hr\/#organization","name":"VitalPlusActive Group Ltd","url":"https:\/\/vitalplusactive.com\/hr\/","logo":{"@type":"ImageObject","inLanguage":"hr","@id":"https:\/\/vitalplusactive.com\/hr\/#\/schema\/logo\/image\/","url":"https:\/\/vitalplusactive.com\/wp-content\/uploads\/2020\/09\/vital-3.png","contentUrl":"https:\/\/vitalplusactive.com\/wp-content\/uploads\/2020\/09\/vital-3.png","width":318,"height":159,"caption":"VitalPlusActive Group Ltd"},"image":{"@id":"https:\/\/vitalplusactive.com\/hr\/#\/schema\/logo\/image\/"},"sameAs":["https:\/\/www.facebook.com\/serviziodiprevenzioneItalia"]}]}},"_links":{"self":[{"href":"https:\/\/vitalplusactive.com\/hr\/wp-json\/wp\/v2\/pages\/29663","targetHints":{"allow":["GET"]}}],"collection":[{"href":"https:\/\/vitalplusactive.com\/hr\/wp-json\/wp\/v2\/pages"}],"about":[{"href":"https:\/\/vitalplusactive.com\/hr\/wp-json\/wp\/v2\/types\/page"}],"author":[{"embeddable":true,"href":"https:\/\/vitalplusactive.com\/hr\/wp-json\/wp\/v2\/users\/15"}],"replies":[{"embeddable":true,"href":"https:\/\/vitalplusactive.com\/hr\/wp-json\/wp\/v2\/comments?post=29663"}],"version-history":[{"count":0,"href":"https:\/\/vitalplusactive.com\/hr\/wp-json\/wp\/v2\/pages\/29663\/revisions"}],"wp:attachment":[{"href":"https:\/\/vitalplusactive.com\/hr\/wp-json\/wp\/v2\/media?parent=29663"}],"curies":[{"name":"wp","href":"https:\/\/api.w.org\/{rel}","templated":true}]}}