{"id":46111,"date":"2022-07-11T14:25:21","date_gmt":"2022-07-11T12:25:21","guid":{"rendered":"https:\/\/vitalplusactive.com\/?page_id=46111"},"modified":"2023-12-07T10:15:00","modified_gmt":"2023-12-07T09:15:00","slug":"politica-de-privacidad","status":"publish","type":"page","link":"https:\/\/vitalplusactive.com\/es\/politica-de-privacidad\/","title":{"rendered":"POL\u00cdTICA DE PRIVACIDAD"},"content":{"rendered":"\t\t<div data-elementor-type=\"wp-page\" data-elementor-id=\"46111\" class=\"elementor elementor-46111\" data-elementor-post-type=\"page\">\n\t\t\t\t\t\t<section class=\"elementor-section elementor-top-section elementor-element elementor-element-e5fe1cf elementor-section-boxed elementor-section-height-default elementor-section-height-default\" data-id=\"e5fe1cf\" data-element_type=\"section\">\n\t\t\t\t\t\t<div class=\"elementor-container elementor-column-gap-default\">\n\t\t\t\t\t<div class=\"elementor-column elementor-col-100 elementor-top-column elementor-element elementor-element-9e8e838\" data-id=\"9e8e838\" data-element_type=\"column\">\n\t\t\t<div class=\"elementor-widget-wrap elementor-element-populated\">\n\t\t\t\t\t\t<div class=\"elementor-element elementor-element-5885fcf elementor-widget elementor-widget-text-editor\" data-id=\"5885fcf\" data-element_type=\"widget\" data-widget_type=\"text-editor.default\">\n\t\t\t\t<div class=\"elementor-widget-container\">\n\t\t\t\t\t\t\t\t\t<h1 style=\"text-align: center;\"><strong>POL\u00cdTICA DE PRIVACIDAD<\/strong><\/h1><ol><li><strong>\u00bfQui\u00e9n es el responsable de tratamiento de sus datos?<\/strong><\/li><\/ol><p><strong>LIBURNIA SL<\/strong><\/p><p><strong>B97521603 <\/strong><\/p><p><strong>C\/ BARQUES 2 Planta 2, 46002 &#8211; VALENCIA<\/strong><\/p><p><strong>TFN: 96 342 70 42 <\/strong><\/p><ol start=\"2\"><li><strong>\u00bfQu\u00e9 tipo de datos tenemos sobre su persona y c\u00f3mo los hemos obtenido?<\/strong><\/li><\/ol><p>Las categor\u00edas de datos personales que tratamos de clientes y proveedores son:<\/p><ol><li>Datos de identificaci\u00f3n<\/li><li>Direcciones postales o electr\u00f3nicas<\/li><\/ol><ul><li>Informaci\u00f3n comercial<\/li><\/ul><ol><li>Datos econ\u00f3micos y de transacciones<\/li><li>Datos especialmente protegidos: salud, en el caso de empleados y clientes.<\/li><li>Datos biom\u00e9tricos, si procede.<\/li><\/ol><p>Todos los datos arriba mencionados los hemos obtenido o directamente de usted mediante la presentaci\u00f3n de una oferta comercial, propuesta contractual, etc. o mediante su empresa al facilitarnos los datos de identificaci\u00f3n y dem\u00e1s informaci\u00f3n necesaria para llevar al cabo el objeto de la relaci\u00f3n contractual entre las partes. Ser\u00e1 una obligaci\u00f3n suya o de su empresa facilitarnos los datos actualizados en caso de modificaci\u00f3n.<\/p><ol start=\"3\"><li><strong>\u00bfCon qu\u00e9 finalidad tratamos sus datos?<\/strong><\/li><\/ol><p>Tratamos los datos que nos facilitan las personas interesadas con el fin de gestionar distintas actividades derivadas de procedimientos espec\u00edficos realizados en materia de ventas, servicio post venta, gesti\u00f3n de proveedores, calidad de servicios, etc. De esta manera, utilizaremos sus datos para llevar a cabo alguna de las siguientes acciones:<\/p><ol><li>Env\u00edo de la informaci\u00f3n que nos soliciten mediante el formulario de contacto de nuestra p\u00e1gina web o cualquier otro medio de contacto con nuestra empresa,<\/li><li>Facilitar tanto a los clientes potenciales como a nuestros clientes, ofertas de productos y servicios de su inter\u00e9s,<\/li><\/ol><ul><li>Prestar un servicio que implica tratamiento de datos de salud,<\/li><\/ul><ol><li>Llevar a cabo la gesti\u00f3n administrativa, fiscal y contable de nuestros clientes y\/o proveedores,<\/li><li>Llevar a cabo encuestas de satisfacci\u00f3n, estudios de mercado, etc. con el fin de poder ofrecerle las ofertas m\u00e1s adecuadas y una calidad optimizada de servicio, etc.<\/li><li>Gesti\u00f3n laboral de empleados.<\/li><\/ol><ol start=\"4\"><li><strong>\u00bfPor cu\u00e1nto tiempo conservaremos sus datos?<\/strong><\/li><\/ol><p>Los datos personales relativos a personas f\u00edsicas vinculadas a clientes potenciales, clientes y proveedores que recopilemos mediante los distintos formularios de contacto y\/o recogida de informaci\u00f3n se conservar\u00e1n mientras no se solicite su supresi\u00f3n por el interesado. Los datos proporcionados por nuestros clientes y proveedores se conservar\u00e1n mientras se mantenga la relaci\u00f3n mercantil entre las partes respetando en cualquier caso los plazos m\u00ednimos legales de conservaci\u00f3n seg\u00fan la materia.<\/p><p>Los datos de trabajadores se conservar\u00e1n mientras se mantenga la relaci\u00f3n laboral y en todo caso, seg\u00fan lo que prescriba la legislaci\u00f3n labora al efecto.<\/p><p>En cualquier caso, guardaremos sus datos personales durante el per\u00edodo de tiempo que sea razonablemente necesario teniendo en cuenta nuestras necesidades de dar respuesta a cuestiones que se planteen o resolver problemas, realizar mejoras, activar nuevos servicios y cumplir los requisitos que exija la legislaci\u00f3n aplicable. Esto significa que podemos conservar tus datos personales durante un per\u00edodo de tiempo razonable incluso despu\u00e9s de que haya dejado de usar nuestros productos o de que haya dejado de usar esta p\u00e1gina web. Despu\u00e9s de este per\u00edodo, sus datos personales ser\u00e1n eliminados de todos nuestros sistemas.<\/p><ol start=\"5\"><li><strong>\u00bfCu\u00e1l es la base de legitimaci\u00f3n para el tratamiento de sus datos?<\/strong><\/li><\/ol><p>Seg\u00fan tipo de tratamiento de datos la base de legitimaci\u00f3n es la siguiente:<\/p><table><tbody><tr><td width=\"283\"><strong>TRATAMIENTO<\/strong><\/td><td width=\"284\"><strong>B<\/strong><strong>ASE DE LEGITIMACI\u00d3N<\/strong><\/td><\/tr><tr><td width=\"283\"><strong>G<\/strong><strong>e<\/strong><strong>sti\u00f3n Contable: <\/strong>gesti\u00f3n de facturaci\u00f3n con clientes y\/o proveedores<\/td><td width=\"284\">Mantenimiento, desarrollo y control de la relaci\u00f3n contractual entre las partes<\/td><\/tr><tr><td width=\"283\"><strong>G<\/strong><strong>e<\/strong><strong>sti\u00f3n fiscal: <\/strong>aplicaci\u00f3n de retenciones, bonificaciones, etc.<\/td><td width=\"284\"><p>Mantenimiento, desarrollo y control de la<\/p><p>relaci\u00f3n contractual entre las partes; Cumplimiento obligaciones legales<\/p><\/td><\/tr><tr><td width=\"283\"><strong>Gesti\u00f3n administrativa:<\/strong>\u00a0gesti\u00f3n de log\u00edstica, almac\u00e9n, entregas al cliente, recepci\u00f3n de mercanc\u00edas, etc.<\/td><td width=\"284\"><p>Mantenimiento, desarrollo y control de la<\/p><p>relaci\u00f3n contractual entre las partes<\/p><\/td><\/tr><tr><td width=\"283\"><p><strong>Ma<\/strong><strong>r<\/strong><strong>keting: <\/strong>Acciones comerciales sobre nuestros productos o servicios dirigidas a nuestros clientes o aquellas personas que nos han solicitado informaci\u00f3n relativa a nuestros productos y servicios en el pasado, incluyendo la realizaci\u00f3n de encuestas de satisfacci\u00f3n a nuestros clientes.<\/p><\/td><td width=\"284\"><p>Consentimiento libre e inequ\u00edvoco del propio interesado (clientes potenciales), le hacemos constar que la retirada de este consentimiento en ning\u00fan caso puede condicionar la ejecuci\u00f3n del contrato que hubiera entre las partes; inter\u00e9s leg\u00edtimo de la compa\u00f1\u00eda sobre la promoci\u00f3n y comercializaci\u00f3n de productos o servicios similares a los obtenidos o solicitados por las personas interesadas en el pasado.<\/p><\/td><\/tr><tr><td width=\"283\"><p><strong>Si eres empleado, para la Gesti\u00f3n laboral: <\/strong>gesti\u00f3n administrativa, contable y fiscal de empleados.<\/p><p><strong>Gesti\u00f3n registro jornada laboral: <\/strong>hora de inicio y finalizaci\u00f3n de la jornada y horas extraordinarias.<\/p><\/td><td width=\"284\"><p>Ejecuci\u00f3n de un contrato laboral.<\/p><p>Cumplimiento de obligaci\u00f3n legal.<\/p><\/td><\/tr><tr><td width=\"283\"><strong>Si eres cliente y tratamos tus datos de salud: <\/strong>Para la prestaci\u00f3n del servicio que nos has solicitado.<\/td><td width=\"284\">Consentimiento expl\u00edcito.<\/td><\/tr><\/tbody><\/table><p>En el supuesto de que no facilite sus datos de car\u00e1cter personal no se podr\u00e1 ejecutar su contrato, cumplir las obligaciones legales o derivadas de los poderes p\u00fablicos.<\/p><ol start=\"6\"><li><strong>\u00bfA qu\u00e9 destinatarios se comunicar\u00e1n sus datos?<\/strong><\/li><\/ol><p>No cederemos sus datos personales a ninguna empresa tercera que pretenda utilizarlos en sus acciones de marketing directo, excepto en el caso de que nos haya autorizado expresamente a ello.<\/p><p>Le informamos que podemos facilitar sus datos personales a organismos de la Administraci\u00f3n P\u00fablica y Autoridades competentes en aquellos casos en que nos requieran legalmente o en los casos en que, actuando de buena fe, consideremos que tal acci\u00f3n es razonablemente necesaria para cumplir con un proceso judicial; para contestar cualquier reclamaci\u00f3n o demanda jur\u00eddica; o para proteger los derechos de la empresa o sus clientes y el p\u00fablico en general.<\/p><p>Le informamos que sus datos no van a ser cedidos o comunicados a terceros, la empresa es la \u00fanica responsable para su tratamiento y custodia.<\/p><p>S\u00ed proporcionaremos sus datos personales a terceras personas (Ej. proveedores de servicios de Internet que nos ayudan a administrar nuestra p\u00e1gina web o llevar a cabo los servicios contratados, empresas de soporte y mantenimiento inform\u00e1tico, empresas de log\u00edstica, gestor\u00edas y asesoramiento fiscal y contable, etc.). En cualquier caso, estas terceras personas deben mantener, en todo momento, los mismos niveles de seguridad que nosotros en relaci\u00f3n a sus datos personales y, cuando sea necesario, estar\u00e1n vinculadas por compromisos legales a fin de guardar sus datos personales de forma privada y segura, y tambi\u00e9n para utilizar \u00fanicamente la informaci\u00f3n siguiendo instrucciones espec\u00edficas de la empresa.<\/p><ol start=\"7\"><li><strong>\u00bfTransferencias de datos a terceros pa\u00edses?<\/strong><\/li><\/ol><p>No est\u00e1n previstas transferencias de datos a terceros pa\u00edses.<\/p><ol start=\"8\"><li><strong>\u00bfCu\u00e1les son sus derechos como interesado?<\/strong><\/li><\/ol><p>Cualquier persona tiene derecho a obtener confirmaci\u00f3n sobre si estamos tratando datos personales que le conciernan, o no.<\/p><p>En concreto, las personas interesadas pueden solicitar el derecho de acceso a sus datos personales, as\u00ed como recibirlos en un formato com\u00fan y lectura mecanizada si el tratamiento se efect\u00faa por medios electr\u00f3nicos (derecho de portabilidad).<\/p><p>Asimismo, las personas interesadas pueden solicitar el derecho de rectificaci\u00f3n de los datos inexactos o, en su caso, solicitar su supresi\u00f3n cuando, entre otros motivos, los datos ya no sean necesarios para los fines que fueron recogidos.<\/p><p>Complementariamente, en determinadas circunstancias, los interesados podr\u00e1n solicitar la limitaci\u00f3n del tratamiento de sus datos, o en determinadas circunstancias y por motivos relacionados con su situaci\u00f3n particular, los interesados podr\u00e1n ejercitar su derecho a oponerse al tratamiento de sus datos. Dejaremos de tratar los datos, salvo por motivos leg\u00edtimos imperiosos, o el ejercicio o la defensa de posibles reclamaciones o en aquellas excepciones establecidas en la normativa aplicable.<\/p><p>Asimismo, le informamos que tiene derecho a retirar sus consentimientos otorgados en cualquier momento, sin que ello afecte a la licitud del tratamiento basado en el consentimiento previo a su retirada.<\/p><p>As\u00ed mismo se informa al Usuario que en cualquier momento puede ejercitar los mencionados derechos dirigi\u00e9ndose por escrito a nosotros utilizando los datos de contacto que aparecen en el punto 1, adjuntando copia de su DNI.<\/p><p>Usted tambi\u00e9n tendr\u00e1 el derecho a presentar una reclamaci\u00f3n ante la Agencia Espa\u00f1ola de Protecci\u00f3n de datos, especialmente cuando no haya obtenido satisfacci\u00f3n en el ejercicio de sus derechos<\/p><p><a href=\"http:\/\/www.aepd.es\/portalwebAGPD\/index-ides-idphp.php\">http:\/\/www.aepd.es\/portalwebAGPD\/index-ides-idphp.php<\/a><\/p><p>Por otro lado, de acuerdo con lo dispuesto en la Ley 34\/2002, de 11 de Julio, de Servicios de la Sociedad de Informaci\u00f3n y de Comercio Electr\u00f3nico, nos comprometemos a no enviar informaci\u00f3n comercial si usted as\u00ed nos lo ha hecho saber.<\/p>\t\t\t\t\t\t\t\t<\/div>\n\t\t\t\t<\/div>\n\t\t\t\t<div class=\"elementor-element elementor-element-ec76a7f elementor-widget elementor-widget-html\" data-id=\"ec76a7f\" data-element_type=\"widget\" data-widget_type=\"html.default\">\n\t\t\t\t<div class=\"elementor-widget-container\">\n\t\t\t\t\t<a href=\"javascript: Cookiebot.renew()\">Modificaci\u00f3n Configuracio\u00f3n Cookies<\/a>\t\t\t\t<\/div>\n\t\t\t\t<\/div>\n\t\t\t\t\t<\/div>\n\t\t<\/div>\n\t\t\t\t\t<\/div>\n\t\t<\/section>\n\t\t\t\t<\/div>\n\t\t","protected":false},"excerpt":{"rendered":"<p>POL\u00cdTICA DE PRIVACIDAD \u00bfQui\u00e9n es el responsable de tratamiento de sus datos? LIBURNIA SL B97521603 C\/ BARQUES 2 Planta 2, 46002 &#8211; VALENCIA TFN: 96 342 70 42 \u00bfQu\u00e9 tipo de datos tenemos sobre su persona y c\u00f3mo los hemos obtenido? Las categor\u00edas de datos personales que tratamos de clientes y proveedores son: Datos de [&hellip;]<\/p>\n","protected":false},"author":15,"featured_media":0,"parent":0,"menu_order":0,"comment_status":"closed","ping_status":"closed","template":"elementor_header_footer","meta":{"_acf_changed":false,"footnotes":""},"class_list":["post-46111","page","type-page","status-publish","hentry"],"acf":[],"yoast_head":"<!-- This site is optimized with the Yoast SEO Premium plugin v25.4 (Yoast SEO v27.0) - https:\/\/yoast.com\/product\/yoast-seo-premium-wordpress\/ -->\n<title>POL\u00cdTICA DE PRIVACIDAD | Vital Plus Active<\/title>\n<meta name=\"robots\" content=\"index, follow, max-snippet:-1, max-image-preview:large, max-video-preview:-1\" \/>\n<link rel=\"canonical\" href=\"https:\/\/vitalplusactive.com\/es\/politica-de-privacidad\/\" \/>\n<meta property=\"og:locale\" content=\"es_ES\" \/>\n<meta property=\"og:type\" content=\"article\" \/>\n<meta property=\"og:title\" content=\"POL\u00cdTICA DE PRIVACIDAD\" \/>\n<meta property=\"og:description\" content=\"POL\u00cdTICA DE PRIVACIDAD \u00bfQui\u00e9n es el responsable de tratamiento de sus datos? LIBURNIA SL B97521603 C\/ BARQUES 2 Planta 2, 46002 &#8211; VALENCIA TFN: 96 342 70 42 \u00bfQu\u00e9 tipo de datos tenemos sobre su persona y c\u00f3mo los hemos obtenido? Las categor\u00edas de datos personales que tratamos de clientes y proveedores son: Datos de [&hellip;]\" \/>\n<meta property=\"og:url\" content=\"https:\/\/vitalplusactive.com\/es\/politica-de-privacidad\/\" \/>\n<meta property=\"og:site_name\" content=\"Vital Plus Active\" \/>\n<meta property=\"article:publisher\" content=\"https:\/\/www.facebook.com\/serviziodiprevenzioneItalia\" \/>\n<meta property=\"article:modified_time\" content=\"2023-12-07T09:15:00+00:00\" \/>\n<meta name=\"twitter:card\" content=\"summary_large_image\" \/>\n<meta name=\"twitter:label1\" content=\"Tiempo de lectura\" \/>\n\t<meta name=\"twitter:data1\" content=\"7 minutos\" \/>\n<script type=\"application\/ld+json\" class=\"yoast-schema-graph\">{\"@context\":\"https:\/\/schema.org\",\"@graph\":[{\"@type\":\"WebPage\",\"@id\":\"https:\/\/vitalplusactive.com\/es\/politica-de-privacidad\/\",\"url\":\"https:\/\/vitalplusactive.com\/es\/politica-de-privacidad\/\",\"name\":\"POL\u00cdTICA DE PRIVACIDAD | Vital Plus Active\",\"isPartOf\":{\"@id\":\"https:\/\/vitalplusactive.com\/es\/#website\"},\"datePublished\":\"2022-07-11T12:25:21+00:00\",\"dateModified\":\"2023-12-07T09:15:00+00:00\",\"breadcrumb\":{\"@id\":\"https:\/\/vitalplusactive.com\/es\/politica-de-privacidad\/#breadcrumb\"},\"inLanguage\":\"es\",\"potentialAction\":[{\"@type\":\"ReadAction\",\"target\":[\"https:\/\/vitalplusactive.com\/es\/politica-de-privacidad\/\"]}]},{\"@type\":\"BreadcrumbList\",\"@id\":\"https:\/\/vitalplusactive.com\/es\/politica-de-privacidad\/#breadcrumb\",\"itemListElement\":[{\"@type\":\"ListItem\",\"position\":1,\"name\":\"Home\",\"item\":\"https:\/\/vitalplusactive.com\/es\/\"},{\"@type\":\"ListItem\",\"position\":2,\"name\":\"POL\u00cdTICA DE PRIVACIDAD\"}]},{\"@type\":\"WebSite\",\"@id\":\"https:\/\/vitalplusactive.com\/es\/#website\",\"url\":\"https:\/\/vitalplusactive.com\/es\/\",\"name\":\"Vital Plus Active\",\"description\":\"\",\"publisher\":{\"@id\":\"https:\/\/vitalplusactive.com\/es\/#organization\"},\"potentialAction\":[{\"@type\":\"SearchAction\",\"target\":{\"@type\":\"EntryPoint\",\"urlTemplate\":\"https:\/\/vitalplusactive.com\/es\/?s={search_term_string}\"},\"query-input\":{\"@type\":\"PropertyValueSpecification\",\"valueRequired\":true,\"valueName\":\"search_term_string\"}}],\"inLanguage\":\"es\"},{\"@type\":\"Organization\",\"@id\":\"https:\/\/vitalplusactive.com\/es\/#organization\",\"name\":\"VitalPlusActive Group Ltd\",\"url\":\"https:\/\/vitalplusactive.com\/es\/\",\"logo\":{\"@type\":\"ImageObject\",\"inLanguage\":\"es\",\"@id\":\"https:\/\/vitalplusactive.com\/es\/#\/schema\/logo\/image\/\",\"url\":\"https:\/\/vitalplusactive.com\/wp-content\/uploads\/2020\/09\/vital-3.png\",\"contentUrl\":\"https:\/\/vitalplusactive.com\/wp-content\/uploads\/2020\/09\/vital-3.png\",\"width\":318,\"height\":159,\"caption\":\"VitalPlusActive Group Ltd\"},\"image\":{\"@id\":\"https:\/\/vitalplusactive.com\/es\/#\/schema\/logo\/image\/\"},\"sameAs\":[\"https:\/\/www.facebook.com\/serviziodiprevenzioneItalia\"]}]}<\/script>\n<!-- \/ Yoast SEO Premium plugin. -->","yoast_head_json":{"title":"POL\u00cdTICA DE PRIVACIDAD | Vital Plus Active","robots":{"index":"index","follow":"follow","max-snippet":"max-snippet:-1","max-image-preview":"max-image-preview:large","max-video-preview":"max-video-preview:-1"},"canonical":"https:\/\/vitalplusactive.com\/es\/politica-de-privacidad\/","og_locale":"es_ES","og_type":"article","og_title":"POL\u00cdTICA DE PRIVACIDAD","og_description":"POL\u00cdTICA DE PRIVACIDAD \u00bfQui\u00e9n es el responsable de tratamiento de sus datos? LIBURNIA SL B97521603 C\/ BARQUES 2 Planta 2, 46002 &#8211; VALENCIA TFN: 96 342 70 42 \u00bfQu\u00e9 tipo de datos tenemos sobre su persona y c\u00f3mo los hemos obtenido? Las categor\u00edas de datos personales que tratamos de clientes y proveedores son: Datos de [&hellip;]","og_url":"https:\/\/vitalplusactive.com\/es\/politica-de-privacidad\/","og_site_name":"Vital Plus Active","article_publisher":"https:\/\/www.facebook.com\/serviziodiprevenzioneItalia","article_modified_time":"2023-12-07T09:15:00+00:00","twitter_card":"summary_large_image","twitter_misc":{"Tiempo de lectura":"7 minutos"},"schema":{"@context":"https:\/\/schema.org","@graph":[{"@type":"WebPage","@id":"https:\/\/vitalplusactive.com\/es\/politica-de-privacidad\/","url":"https:\/\/vitalplusactive.com\/es\/politica-de-privacidad\/","name":"POL\u00cdTICA DE PRIVACIDAD | Vital Plus Active","isPartOf":{"@id":"https:\/\/vitalplusactive.com\/es\/#website"},"datePublished":"2022-07-11T12:25:21+00:00","dateModified":"2023-12-07T09:15:00+00:00","breadcrumb":{"@id":"https:\/\/vitalplusactive.com\/es\/politica-de-privacidad\/#breadcrumb"},"inLanguage":"es","potentialAction":[{"@type":"ReadAction","target":["https:\/\/vitalplusactive.com\/es\/politica-de-privacidad\/"]}]},{"@type":"BreadcrumbList","@id":"https:\/\/vitalplusactive.com\/es\/politica-de-privacidad\/#breadcrumb","itemListElement":[{"@type":"ListItem","position":1,"name":"Home","item":"https:\/\/vitalplusactive.com\/es\/"},{"@type":"ListItem","position":2,"name":"POL\u00cdTICA DE PRIVACIDAD"}]},{"@type":"WebSite","@id":"https:\/\/vitalplusactive.com\/es\/#website","url":"https:\/\/vitalplusactive.com\/es\/","name":"Vital Plus Active","description":"","publisher":{"@id":"https:\/\/vitalplusactive.com\/es\/#organization"},"potentialAction":[{"@type":"SearchAction","target":{"@type":"EntryPoint","urlTemplate":"https:\/\/vitalplusactive.com\/es\/?s={search_term_string}"},"query-input":{"@type":"PropertyValueSpecification","valueRequired":true,"valueName":"search_term_string"}}],"inLanguage":"es"},{"@type":"Organization","@id":"https:\/\/vitalplusactive.com\/es\/#organization","name":"VitalPlusActive Group Ltd","url":"https:\/\/vitalplusactive.com\/es\/","logo":{"@type":"ImageObject","inLanguage":"es","@id":"https:\/\/vitalplusactive.com\/es\/#\/schema\/logo\/image\/","url":"https:\/\/vitalplusactive.com\/wp-content\/uploads\/2020\/09\/vital-3.png","contentUrl":"https:\/\/vitalplusactive.com\/wp-content\/uploads\/2020\/09\/vital-3.png","width":318,"height":159,"caption":"VitalPlusActive Group Ltd"},"image":{"@id":"https:\/\/vitalplusactive.com\/es\/#\/schema\/logo\/image\/"},"sameAs":["https:\/\/www.facebook.com\/serviziodiprevenzioneItalia"]}]}},"_links":{"self":[{"href":"https:\/\/vitalplusactive.com\/es\/wp-json\/wp\/v2\/pages\/46111","targetHints":{"allow":["GET"]}}],"collection":[{"href":"https:\/\/vitalplusactive.com\/es\/wp-json\/wp\/v2\/pages"}],"about":[{"href":"https:\/\/vitalplusactive.com\/es\/wp-json\/wp\/v2\/types\/page"}],"author":[{"embeddable":true,"href":"https:\/\/vitalplusactive.com\/es\/wp-json\/wp\/v2\/users\/15"}],"replies":[{"embeddable":true,"href":"https:\/\/vitalplusactive.com\/es\/wp-json\/wp\/v2\/comments?post=46111"}],"version-history":[{"count":0,"href":"https:\/\/vitalplusactive.com\/es\/wp-json\/wp\/v2\/pages\/46111\/revisions"}],"wp:attachment":[{"href":"https:\/\/vitalplusactive.com\/es\/wp-json\/wp\/v2\/media?parent=46111"}],"curies":[{"name":"wp","href":"https:\/\/api.w.org\/{rel}","templated":true}]}}