{"id":46110,"date":"2022-07-11T14:29:24","date_gmt":"2022-07-11T12:29:24","guid":{"rendered":"https:\/\/vitalplusactive.com\/?page_id=46110"},"modified":"2022-07-11T14:30:59","modified_gmt":"2022-07-11T12:30:59","slug":"politica-de-cookies","status":"publish","type":"page","link":"https:\/\/vitalplusactive.com\/es\/politica-de-cookies\/","title":{"rendered":"POL\u00cdTICA DE COOKIES"},"content":{"rendered":"\t\t<div data-elementor-type=\"wp-page\" data-elementor-id=\"46110\" class=\"elementor elementor-46110\" data-elementor-post-type=\"page\">\n\t\t\t\t\t\t<section class=\"elementor-section elementor-top-section elementor-element elementor-element-e5fe1cf elementor-section-boxed elementor-section-height-default elementor-section-height-default\" data-id=\"e5fe1cf\" data-element_type=\"section\">\n\t\t\t\t\t\t<div class=\"elementor-container elementor-column-gap-default\">\n\t\t\t\t\t<div class=\"elementor-column elementor-col-100 elementor-top-column elementor-element elementor-element-9e8e838\" data-id=\"9e8e838\" data-element_type=\"column\">\n\t\t\t<div class=\"elementor-widget-wrap elementor-element-populated\">\n\t\t\t\t\t\t<div class=\"elementor-element elementor-element-5885fcf elementor-widget elementor-widget-text-editor\" data-id=\"5885fcf\" data-element_type=\"widget\" data-widget_type=\"text-editor.default\">\n\t\t\t\t<div class=\"elementor-widget-container\">\n\t\t\t\t\t\t\t\t\t<h1 style=\"text-align: center;\"><strong>POLITICA DE COOKIES:<\/strong><\/h1><p>\u00a0<\/p><ol><li><strong><u>A) DEFINICI\u00d3N Y FUNCI\u00d3N GEN\u00c9RICA DE LAS<\/u><\/strong><u> <strong>COOKIES.<\/strong><\/u><br \/><u><\/u><\/li><\/ol><p>\u00a0<\/p><p>LIBURNIA SL, el titular de este sitio web informa que se utilizan cookies y\/o tecnolog\u00edas similares que almacenan y recuperan informaci\u00f3n cuando navegas. En general, estas tecnolog\u00edas pueden servir para finalidades muy diversas, como, por ejemplo, reconocerte como usuario, obtener informaci\u00f3n sobre tus h\u00e1bitos de navegaci\u00f3n, o personalizar la forma en que se muestra el contenido. Los usos concretos que hacemos de estas tecnolog\u00edas se describen a continuaci\u00f3n.<\/p><p>\u00a0<\/p><ol><li><strong><u>B) INFORMACI\u00d3N SOBRE EL TIPO DE COOKIES QUE SE UTILIZAN Y SU FINALIDAD.<\/u><\/strong><\/li><\/ol><p><strong>\u00a0<\/strong><\/p><ul><li><strong>T\u00e9cnicas:<\/strong> Son aquellas necesarias para la navegaci\u00f3n y el buen funcionamiento de nuestro website. Permiten, por ejemplo, controlar el tr\u00e1fico y la comunicaci\u00f3n de datos, acceder a partes de acceso restringido, realizar el proceso de compra de un pedido, utilizar elementos de seguridad, almacenar contenidos para poder difundir v\u00eddeos o compartir contenidos a trav\u00e9s de redes sociales.<\/li><li><strong>De personalizaci\u00f3n:<\/strong> Son aqu\u00e9llas que permiten al Usuario acceder al servicio con unas caracter\u00edsticas predefinidas en funci\u00f3n de una serie de criterios, como por ejemplo el idioma, el tipo de navegador a trav\u00e9s del cual se accede al servicio, la configuraci\u00f3n regional desde donde se accede al servicio, etc.<\/li><li><strong>De an\u00e1lisis:<\/strong> son aquellas que, tratadas por nosotros o por terceros, nos permiten cuantificar el n\u00famero de usuarios y as\u00ed realizar la medici\u00f3n y an\u00e1lisis estad\u00edstico de la utilizaci\u00f3n que hacen los usuarios del servicio ofertado. Para ello se analiza su navegaci\u00f3n en nuestra p\u00e1gina web con el fin de mejorar la oferta de productos o servicios que le ofrecemos.<\/li><li><strong>Publicitarias:<\/strong> Son aqu\u00e9llas que permiten la gesti\u00f3n, de la forma m\u00e1s eficaz posible, de los espacios publicitarios que se pudieran incluir en nuestro website.<\/li><\/ul><ul><li><strong>Publicitarias comportamentales<\/strong>: son aquellas que, tratadas por nosotros o por terceros, nos permiten analizar sus h\u00e1bitos de navegaci\u00f3n en Internet para que podamos mostrarle publicidad relacionada con su perfil de navegaci\u00f3n.<\/li><\/ul><p><strong>\u00a0<\/strong><\/p><p><strong>\u00a0<\/strong><\/p><p><strong>\u00a0<\/strong><\/p><p><strong>\u00a0<\/strong><\/p><table style=\"height: 2073px;\" width=\"678\"><tbody><tr><td width=\"138\"><strong>Cookie<\/strong><\/td><td width=\"194\"><strong>Nombre<\/strong><\/td><td width=\"86\"><strong>Tipo<\/strong><\/td><td width=\"114\"><strong>Prop\u00f3sito<\/strong><\/td><td width=\"92\"><strong>M\u00e1s informaci\u00f3n<\/strong><\/td><\/tr><tr><td width=\"138\"><strong>T\u00e9cnicas<\/strong><\/td><td width=\"194\"><p>Cookie consent<\/p><p>Wc_cart_hash_#<\/p><p>Wc_fragments_#<\/p><p>\u00a0<\/p><p>\u00a0<\/p><p>Elementor<\/p><p>WordPress_test_cookie<\/p><\/td><td width=\"86\">Propias<\/td><td width=\"114\"><p>Almacena el estado de consentimiento de cookies del usuario para el dominio actual.<\/p><p>\u00a0<\/p><p>\u00a0<\/p><p>\u00a0<\/p><p>\u00a0<\/p><p>Utilizado en contexto con el tema de wordpress del sitio web. La cookie permite al propietario del sitio web implementar o cambiar el contenido del sitio web en tiempo real<\/p><p>\u00a0<\/p><p>Se utiliza para comprobar si el navegador del usuario admite cookies<\/p><p>\u00a0<\/p><p>\u00a0<\/p><\/td><td width=\"92\">No se pueden rechazar.<\/td><\/tr><tr><td colspan=\"5\" width=\"624\">\u00a0<\/td><\/tr><tr><td width=\"138\"><strong>De Personalizaci\u00f3n<\/strong><\/td><td width=\"194\"><p>_icl_visitor_lang_is<\/p><p>wpml_browser_redirect_test<\/p><\/td><td width=\"86\">Propias<\/td><td width=\"114\">Guarda el idioma preferido del usuario en el sitio web<\/td><td width=\"92\">\u00a0<\/td><\/tr><tr><td colspan=\"5\" width=\"624\"><p>\u00a0<\/p><p>\u00a0<\/p><p>\u00a0<\/p><p>\u00a0<\/p><p>\u00a0<\/p><\/td><\/tr><tr><td width=\"138\"><strong>Anal\u00edticas<\/strong><\/td><td width=\"194\"><p>__ga<\/p><p>__ga_#<\/p><\/td><td width=\"86\">Propias<\/td><td width=\"114\"><p>Registra una identificaci\u00f3n \u00fanica que se utiliza para generar datos estad\u00edsticos sobre c\u00f3mo el visitante utiliza el sitio web<\/p><p>\u00a0<\/p><p>Utilizado por Google Analytics para recopilar datos sobre la cantidad de veces que un usuario ha visitado el sitio web, as\u00ed como las fechas de la primera y m\u00e1s reciente visita.<\/p><\/td><td width=\"92\"><p><a href=\"http:\/\/www.google.com\/intl\/es\/analytics\/privacyoverview.html\">Google Analytics<\/a><\/p><p><a href=\"http:\/\/www.google.com\/intl\/es\/privacy.html\">Centro de privacidad de Google<\/a><\/p><p><strong>\u00a0<\/strong><\/p><\/td><\/tr><tr><td width=\"138\"><strong>Publicitarias<\/strong><\/td><td width=\"194\"><p>Fr<\/p><p>Tr<\/p><p>_fbp<\/p><\/td><td width=\"86\">Propias y de terceros<\/td><td width=\"114\">Utilizado por Facebook para ofrecer una serie de productos publicitarios, como ofertas en tiempo real de anunciantes externos<\/td><td width=\"92\">\u00a0<\/td><\/tr><tr><td width=\"138\"><strong>Publicitarias comportamentales<\/strong><\/td><td width=\"194\">Nombrarlas<\/td><td width=\"86\">Describirlas<\/td><td width=\"114\">\u00a0<\/td><td width=\"92\">\u00a0<\/td><\/tr><\/tbody><\/table><p><strong>\u00a0<\/strong><\/p><p>\u00a0<\/p><p><strong>\u00a0<\/strong><\/p><p><strong>\u00a0<\/strong><\/p><ol><li><strong><u>C) IDENTIFICACI\u00d3N DE QUI\u00c9N UTILIZA LAS COOKIES<\/u><\/strong><strong>:<\/strong><\/li><\/ol><p>\u00a0<\/p><p>La informaci\u00f3n obtenida por las cookies es tratada solo por nuestro editor y\/o tambi\u00e9n por terceros con los que nuestro editor haya contratado la prestaci\u00f3n de un servicio para el cual se requiera el uso de cookies:<\/p><ul><li><strong>Cookies propias<\/strong>: Son aquellas que se env\u00edan a su equipo desde nuestros propios equipos o dominios y desde el que prestamos el servicio que nos solicita.<\/li><li><strong>Cookies de terceros<\/strong>: Son aquellas que se env\u00edan a su equipo desde un equipo o dominio que no es gestionado por nosotros, sino por otra entidad colaboradora. Como, por ejemplo, las usadas por redes sociales, o por contenido externo como Google Maps, las que permiten cuantificar el n\u00famero de usuarios y as\u00ed realizar la medici\u00f3n y an\u00e1lisis estad\u00edstico de la utilizaci\u00f3n que hacen los usuarios del servicio ofertado. Para ello se analiza su navegaci\u00f3n en nuestra p\u00e1gina web con el fin de mejorar la oferta de productos o servicios que le ofrecemos. <strong><u>+ Conoce a los terceros <\/u><\/strong>&lt;link a la pol\u00edtica de cookies de los terceros&gt;<\/li><li>\u00a0<\/li><\/ul><ol><li><strong>D)<\/strong> <strong><u>ACTIVACI\u00d3N, RESTRICCI\u00d3N Y\/O INHABILITACI\u00d3N DE COOKIES<\/u><\/strong><\/li><\/ol><p>Puede usted permitir o bloquear las cookies, as\u00ed como borrar sus datos de navegaci\u00f3n (incluidas las cookies) desde el navegador que usted utiliza. Consulte las opciones e instrucciones que ofrece su navegador para ello. Tenga en cuenta que, si acepta las cookies de terceros, deber\u00e1 eliminarlas desde las opciones del navegador.<\/p><ol><li><strong><u>E) NO REALIZAMOS TRANSFERENCIAS DE DATOS A TERCEROS PA\u00cdSES REALIZADAS POR EL EDITOR.<\/u><\/strong><\/li><\/ol><p>Puedes informarte de las transferencias a terceros pa\u00edses que, en su caso, realizan los terceros identificados en esta pol\u00edtica de cookies en sus correspondientes pol\u00edticas (ver los enlaces facilitados en el apartado \u201cCookies de terceros\u201d).<\/p><p>\u00a0<\/p><ol><li><strong><u>F) LA ELABORACI\u00d3N DE PERFILES <\/u><\/strong><\/li><\/ol><p><strong>No elaboramos perfiles<\/strong>.<\/p><ol><li><strong><u>G) PERIODO DE CONSERVACI\u00d3N<\/u><\/strong><\/li><\/ol><p>\u00a0<\/p><ul><li><strong>Cookies de sesi\u00f3n<\/strong>: Son cookies temporales que permanecen en el archivo de cookies de su navegador hasta que el Usuario abandona la p\u00e1gina web, por lo que ninguna queda registrada en el disco duro de su ordenador. La informaci\u00f3n obtenida por medio de estas cookies, sirven para analizar pautas de tr\u00e1fico en el website. A la larga, esto nos permite proporcionar una mejor experiencia para mejorar el contenido y facilitar su uso.<\/li><\/ul><p>\u00a0<\/p><p>\u00a0<\/p><ul><li><strong>Cookies persistentes<\/strong>: son almacenadas en el disco duro y nuestra web las lee cada vez que el Usuario realiza una nueva visita. Una cookie permanente posee una fecha de expiraci\u00f3n determinada. La cookie dejar\u00e1 de funcionar despu\u00e9s de esa fecha. Estas cookies las utilizamos, generalmente, para facilitar los servicios de compra y registro.<\/li><\/ul><p>\u00a0<\/p><ol><li><strong><u>H) RESTO DE INFORMACI\u00d3N<\/u><\/strong><\/li><\/ol><p>En relaci\u00f3n con el resto de informaci\u00f3n exigida por el art\u00edculo 13 RGPD puedes verla aqu\u00ed &lt;LINK a la pol\u00edtica de privacidad&gt;.<\/p><p>\u00a0<\/p>\t\t\t\t\t\t\t\t<\/div>\n\t\t\t\t<\/div>\n\t\t\t\t<div class=\"elementor-element elementor-element-ec76a7f elementor-widget elementor-widget-html\" data-id=\"ec76a7f\" data-element_type=\"widget\" data-widget_type=\"html.default\">\n\t\t\t\t<div class=\"elementor-widget-container\">\n\t\t\t\t\t<a href=\"javascript: Cookiebot.renew()\">Modificaci\u00f3n Configuracio\u00f3n Cookies<\/a>\t\t\t\t<\/div>\n\t\t\t\t<\/div>\n\t\t\t\t\t<\/div>\n\t\t<\/div>\n\t\t\t\t\t<\/div>\n\t\t<\/section>\n\t\t\t\t<\/div>\n\t\t","protected":false},"excerpt":{"rendered":"<p>POLITICA DE COOKIES: A) DEFINICI\u00d3N Y FUNCI\u00d3N GEN\u00c9RICA DE LAS COOKIES. LIBURNIA SL, el titular de este sitio web informa que se utilizan cookies y\/o tecnolog\u00edas similares que almacenan y recuperan informaci\u00f3n cuando navegas. En general, estas tecnolog\u00edas pueden servir para finalidades muy diversas, como, por ejemplo, reconocerte como usuario, obtener informaci\u00f3n sobre tus h\u00e1bitos [&hellip;]<\/p>\n","protected":false},"author":15,"featured_media":0,"parent":0,"menu_order":0,"comment_status":"closed","ping_status":"closed","template":"elementor_header_footer","meta":{"_acf_changed":false,"footnotes":""},"class_list":["post-46110","page","type-page","status-publish","hentry"],"acf":[],"yoast_head":"<!-- This site is optimized with the Yoast SEO Premium plugin v25.4 (Yoast SEO v27.0) - https:\/\/yoast.com\/product\/yoast-seo-premium-wordpress\/ -->\n<title>POL\u00cdTICA DE COOKIES | Vital Plus Active<\/title>\n<meta name=\"robots\" content=\"index, follow, max-snippet:-1, max-image-preview:large, max-video-preview:-1\" \/>\n<link rel=\"canonical\" href=\"https:\/\/vitalplusactive.com\/es\/politica-de-cookies\/\" \/>\n<meta property=\"og:locale\" content=\"es_ES\" \/>\n<meta property=\"og:type\" content=\"article\" \/>\n<meta property=\"og:title\" content=\"POL\u00cdTICA DE COOKIES\" \/>\n<meta property=\"og:description\" content=\"POLITICA DE COOKIES: A) DEFINICI\u00d3N Y FUNCI\u00d3N GEN\u00c9RICA DE LAS COOKIES. LIBURNIA SL, el titular de este sitio web informa que se utilizan cookies y\/o tecnolog\u00edas similares que almacenan y recuperan informaci\u00f3n cuando navegas. En general, estas tecnolog\u00edas pueden servir para finalidades muy diversas, como, por ejemplo, reconocerte como usuario, obtener informaci\u00f3n sobre tus h\u00e1bitos [&hellip;]\" \/>\n<meta property=\"og:url\" content=\"https:\/\/vitalplusactive.com\/es\/politica-de-cookies\/\" \/>\n<meta property=\"og:site_name\" content=\"Vital Plus Active\" \/>\n<meta property=\"article:publisher\" content=\"https:\/\/www.facebook.com\/serviziodiprevenzioneItalia\" \/>\n<meta property=\"article:modified_time\" content=\"2022-07-11T12:30:59+00:00\" \/>\n<meta name=\"twitter:card\" content=\"summary_large_image\" \/>\n<meta name=\"twitter:label1\" content=\"Tiempo de lectura\" \/>\n\t<meta name=\"twitter:data1\" content=\"5 minutos\" \/>\n<script type=\"application\/ld+json\" class=\"yoast-schema-graph\">{\"@context\":\"https:\/\/schema.org\",\"@graph\":[{\"@type\":\"WebPage\",\"@id\":\"https:\/\/vitalplusactive.com\/es\/politica-de-cookies\/\",\"url\":\"https:\/\/vitalplusactive.com\/es\/politica-de-cookies\/\",\"name\":\"POL\u00cdTICA DE COOKIES | Vital Plus Active\",\"isPartOf\":{\"@id\":\"https:\/\/vitalplusactive.com\/es\/#website\"},\"datePublished\":\"2022-07-11T12:29:24+00:00\",\"dateModified\":\"2022-07-11T12:30:59+00:00\",\"breadcrumb\":{\"@id\":\"https:\/\/vitalplusactive.com\/es\/politica-de-cookies\/#breadcrumb\"},\"inLanguage\":\"es\",\"potentialAction\":[{\"@type\":\"ReadAction\",\"target\":[\"https:\/\/vitalplusactive.com\/es\/politica-de-cookies\/\"]}]},{\"@type\":\"BreadcrumbList\",\"@id\":\"https:\/\/vitalplusactive.com\/es\/politica-de-cookies\/#breadcrumb\",\"itemListElement\":[{\"@type\":\"ListItem\",\"position\":1,\"name\":\"Home\",\"item\":\"https:\/\/vitalplusactive.com\/es\/\"},{\"@type\":\"ListItem\",\"position\":2,\"name\":\"POL\u00cdTICA DE COOKIES\"}]},{\"@type\":\"WebSite\",\"@id\":\"https:\/\/vitalplusactive.com\/es\/#website\",\"url\":\"https:\/\/vitalplusactive.com\/es\/\",\"name\":\"Vital Plus Active\",\"description\":\"\",\"publisher\":{\"@id\":\"https:\/\/vitalplusactive.com\/es\/#organization\"},\"potentialAction\":[{\"@type\":\"SearchAction\",\"target\":{\"@type\":\"EntryPoint\",\"urlTemplate\":\"https:\/\/vitalplusactive.com\/es\/?s={search_term_string}\"},\"query-input\":{\"@type\":\"PropertyValueSpecification\",\"valueRequired\":true,\"valueName\":\"search_term_string\"}}],\"inLanguage\":\"es\"},{\"@type\":\"Organization\",\"@id\":\"https:\/\/vitalplusactive.com\/es\/#organization\",\"name\":\"VitalPlusActive Group Ltd\",\"url\":\"https:\/\/vitalplusactive.com\/es\/\",\"logo\":{\"@type\":\"ImageObject\",\"inLanguage\":\"es\",\"@id\":\"https:\/\/vitalplusactive.com\/es\/#\/schema\/logo\/image\/\",\"url\":\"https:\/\/vitalplusactive.com\/wp-content\/uploads\/2020\/09\/vital-3.png\",\"contentUrl\":\"https:\/\/vitalplusactive.com\/wp-content\/uploads\/2020\/09\/vital-3.png\",\"width\":318,\"height\":159,\"caption\":\"VitalPlusActive Group Ltd\"},\"image\":{\"@id\":\"https:\/\/vitalplusactive.com\/es\/#\/schema\/logo\/image\/\"},\"sameAs\":[\"https:\/\/www.facebook.com\/serviziodiprevenzioneItalia\"]}]}<\/script>\n<!-- \/ Yoast SEO Premium plugin. -->","yoast_head_json":{"title":"POL\u00cdTICA DE COOKIES | Vital Plus Active","robots":{"index":"index","follow":"follow","max-snippet":"max-snippet:-1","max-image-preview":"max-image-preview:large","max-video-preview":"max-video-preview:-1"},"canonical":"https:\/\/vitalplusactive.com\/es\/politica-de-cookies\/","og_locale":"es_ES","og_type":"article","og_title":"POL\u00cdTICA DE COOKIES","og_description":"POLITICA DE COOKIES: A) DEFINICI\u00d3N Y FUNCI\u00d3N GEN\u00c9RICA DE LAS COOKIES. LIBURNIA SL, el titular de este sitio web informa que se utilizan cookies y\/o tecnolog\u00edas similares que almacenan y recuperan informaci\u00f3n cuando navegas. En general, estas tecnolog\u00edas pueden servir para finalidades muy diversas, como, por ejemplo, reconocerte como usuario, obtener informaci\u00f3n sobre tus h\u00e1bitos [&hellip;]","og_url":"https:\/\/vitalplusactive.com\/es\/politica-de-cookies\/","og_site_name":"Vital Plus Active","article_publisher":"https:\/\/www.facebook.com\/serviziodiprevenzioneItalia","article_modified_time":"2022-07-11T12:30:59+00:00","twitter_card":"summary_large_image","twitter_misc":{"Tiempo de lectura":"5 minutos"},"schema":{"@context":"https:\/\/schema.org","@graph":[{"@type":"WebPage","@id":"https:\/\/vitalplusactive.com\/es\/politica-de-cookies\/","url":"https:\/\/vitalplusactive.com\/es\/politica-de-cookies\/","name":"POL\u00cdTICA DE COOKIES | Vital Plus Active","isPartOf":{"@id":"https:\/\/vitalplusactive.com\/es\/#website"},"datePublished":"2022-07-11T12:29:24+00:00","dateModified":"2022-07-11T12:30:59+00:00","breadcrumb":{"@id":"https:\/\/vitalplusactive.com\/es\/politica-de-cookies\/#breadcrumb"},"inLanguage":"es","potentialAction":[{"@type":"ReadAction","target":["https:\/\/vitalplusactive.com\/es\/politica-de-cookies\/"]}]},{"@type":"BreadcrumbList","@id":"https:\/\/vitalplusactive.com\/es\/politica-de-cookies\/#breadcrumb","itemListElement":[{"@type":"ListItem","position":1,"name":"Home","item":"https:\/\/vitalplusactive.com\/es\/"},{"@type":"ListItem","position":2,"name":"POL\u00cdTICA DE COOKIES"}]},{"@type":"WebSite","@id":"https:\/\/vitalplusactive.com\/es\/#website","url":"https:\/\/vitalplusactive.com\/es\/","name":"Vital Plus Active","description":"","publisher":{"@id":"https:\/\/vitalplusactive.com\/es\/#organization"},"potentialAction":[{"@type":"SearchAction","target":{"@type":"EntryPoint","urlTemplate":"https:\/\/vitalplusactive.com\/es\/?s={search_term_string}"},"query-input":{"@type":"PropertyValueSpecification","valueRequired":true,"valueName":"search_term_string"}}],"inLanguage":"es"},{"@type":"Organization","@id":"https:\/\/vitalplusactive.com\/es\/#organization","name":"VitalPlusActive Group Ltd","url":"https:\/\/vitalplusactive.com\/es\/","logo":{"@type":"ImageObject","inLanguage":"es","@id":"https:\/\/vitalplusactive.com\/es\/#\/schema\/logo\/image\/","url":"https:\/\/vitalplusactive.com\/wp-content\/uploads\/2020\/09\/vital-3.png","contentUrl":"https:\/\/vitalplusactive.com\/wp-content\/uploads\/2020\/09\/vital-3.png","width":318,"height":159,"caption":"VitalPlusActive Group Ltd"},"image":{"@id":"https:\/\/vitalplusactive.com\/es\/#\/schema\/logo\/image\/"},"sameAs":["https:\/\/www.facebook.com\/serviziodiprevenzioneItalia"]}]}},"_links":{"self":[{"href":"https:\/\/vitalplusactive.com\/es\/wp-json\/wp\/v2\/pages\/46110","targetHints":{"allow":["GET"]}}],"collection":[{"href":"https:\/\/vitalplusactive.com\/es\/wp-json\/wp\/v2\/pages"}],"about":[{"href":"https:\/\/vitalplusactive.com\/es\/wp-json\/wp\/v2\/types\/page"}],"author":[{"embeddable":true,"href":"https:\/\/vitalplusactive.com\/es\/wp-json\/wp\/v2\/users\/15"}],"replies":[{"embeddable":true,"href":"https:\/\/vitalplusactive.com\/es\/wp-json\/wp\/v2\/comments?post=46110"}],"version-history":[{"count":0,"href":"https:\/\/vitalplusactive.com\/es\/wp-json\/wp\/v2\/pages\/46110\/revisions"}],"wp:attachment":[{"href":"https:\/\/vitalplusactive.com\/es\/wp-json\/wp\/v2\/media?parent=46110"}],"curies":[{"name":"wp","href":"https:\/\/api.w.org\/{rel}","templated":true}]}}